{"id":27,"date":"2023-04-20T11:22:24","date_gmt":"2023-04-20T09:22:24","guid":{"rendered":"http:\/\/campinglepetitboiscantal.fr\/?page_id=27"},"modified":"2026-03-18T09:40:42","modified_gmt":"2026-03-18T08:40:42","slug":"cabanes","status":"publish","type":"page","link":"http:\/\/campinglepetitboiscantal.fr\/index.php\/cabanes\/","title":{"rendered":"Cabanes"},"content":{"rendered":"<p><img decoding=\"async\" width=\"768\" height=\"576\" src=\"http:\/\/campinglepetitboiscantal.fr\/wp-content\/uploads\/2023\/05\/PHOTO-2023-05-16-16-39-42-768x576.jpg\" alt=\"\" loading=\"lazy\" srcset=\"https:\/\/campinglepetitboiscantal.fr\/wp-content\/uploads\/2023\/05\/PHOTO-2023-05-16-16-39-42-768x576.jpg 768w, https:\/\/campinglepetitboiscantal.fr\/wp-content\/uploads\/2023\/05\/PHOTO-2023-05-16-16-39-42-300x225.jpg 300w, https:\/\/campinglepetitboiscantal.fr\/wp-content\/uploads\/2023\/05\/PHOTO-2023-05-16-16-39-42-1024x768.jpg 1024w, https:\/\/campinglepetitboiscantal.fr\/wp-content\/uploads\/2023\/05\/PHOTO-2023-05-16-16-39-42-1536x1152.jpg 1536w, https:\/\/campinglepetitboiscantal.fr\/wp-content\/uploads\/2023\/05\/PHOTO-2023-05-16-16-39-42.jpg 1600w\" sizes=\"auto, (max-width: 768px) 100vw, 768px\" \/><br \/>\n\t\t\t\t\t\t\t\t\t\t\t\t\t\t\t<img decoding=\"async\" width=\"1024\" height=\"683\" src=\"http:\/\/campinglepetitboiscantal.fr\/wp-content\/uploads\/2023\/05\/Cabane-9-1024x683.jpg\" alt=\"Cabane (9)\" loading=\"lazy\" srcset=\"https:\/\/campinglepetitboiscantal.fr\/wp-content\/uploads\/2023\/05\/Cabane-9-1024x683.jpg 1024w, https:\/\/campinglepetitboiscantal.fr\/wp-content\/uploads\/2023\/05\/Cabane-9-300x200.jpg 300w, https:\/\/campinglepetitboiscantal.fr\/wp-content\/uploads\/2023\/05\/Cabane-9-768x512.jpg 768w, https:\/\/campinglepetitboiscantal.fr\/wp-content\/uploads\/2023\/05\/Cabane-9-1536x1024.jpg 1536w, https:\/\/campinglepetitboiscantal.fr\/wp-content\/uploads\/2023\/05\/Cabane-9-2048x1365.jpg 2048w\" sizes=\"auto, (max-width: 1024px) 100vw, 1024px\" \/>\t\t\t\t\t\t\t\t\t\t\t\t\t\t\t<\/p>\n<h1>Choisissez votre cabane id\u00e9ale<\/h1>\n<p>Vous vous sentez l\u2019\u00e2me d\u2019un aventurier, mais ne voulez faire aucun compromis sur le confort ? Optez pour la Cabane. Chaleureuse, elle concilie perfection esth\u00e9tique et pratique. Son int\u00e9rieur en bois massif respire le bien-\u00eatre et la s\u00e9r\u00e9nit\u00e9.<\/p>\n<p>Attention, les cabanes de notre camping Le Petit Bois ne sont pas \u00e9quip\u00e9es de point d\u2019eau, l\u2019utilisation des sanitaires collectifs est n\u00e9cessaire.<\/p>\n<h2>Faites votre choix <\/h2>\n<p>Le camping <strong>Le Petit Bois<\/strong> vous propose diff\u00e9rentes cabanes selon le nombre d&rsquo;occupants.<\/p>\n<p><strong>Attention :<\/strong> les cabanes ne sont pas \u00e9quip\u00e9es de point d&rsquo;eau (utilisation des sanitaires collectifs).<\/p>\n<p><strong>Cabane primev\u00e8re &#8211; 1 personne \/ 1 couple (7m\u00b2)<\/strong><\/p>\n<p>1 pi\u00e8ce avec lit gigogne (2x70cm)<\/p>\n<p>Kitchenette : 2 plaques \u00e9lectrique, frigo top, micro-onde, cafeti\u00e8re \u00e0 filtres, vaisselle, verres, couverts, casseroles, ustensiles.<\/p>\n<p>Les sanitaires sont \u00e0 votre disposition pour les WC, les douches, les lavabos et les bacs \u00e0 vaisselle<\/p>\n<p>\t\t\t\t\t\t\t\t\t\t\t\t\t\t\t<img decoding=\"async\" width=\"199\" height=\"157\" src=\"http:\/\/campinglepetitboiscantal.fr\/wp-content\/uploads\/2023\/08\/photo-primevere.png\" alt=\"\" loading=\"lazy\" \/>\t\t\t\t\t\t\t\t\t\t\t\t\t\t\t<\/p>\n<p><strong>Cabane Myrtille &#8211; 2\/4 personnes (1 pi\u00e8ce + 1 chambre 12.5m\u00b2)<\/strong><\/p>\n<p>1 pi\u00e8ce avec lit gigogne (2x70cm) + 1 chambre avec 2 lits superpos\u00e9s 70cm<\/p>\n<p>Kitchenette : 2 plaques \u00e9lectrique, frigo top, micro-onde, cafeti\u00e8re \u00e0 filtres, vaisselle, verres, couverts, casseroles, ustensiles<\/p>\n<p>Les sanitaires sont \u00e0 votre disposition pour les WC, les douches, les lavabos et les bacs \u00e0 vaisselle<\/p>\n<p>\t\t\t\t\t\t\t\t\t\t\t\t\t\t\t<img decoding=\"async\" width=\"253\" height=\"175\" src=\"http:\/\/campinglepetitboiscantal.fr\/wp-content\/uploads\/2023\/08\/photo-gentiane.png\" alt=\"\" loading=\"lazy\" \/>\t\t\t\t\t\t\t\t\t\t\t\t\t\t\t<\/p>\n<p><strong>Cabane Gentiane &#8211; 2 personnes (9m\u00b2)<\/strong><\/p>\n<p>1 pi\u00e8ce avec lit gigogne (2x70cm) + 2 lits superpos\u00e9s 70 cm<\/p>\n<p>Kitchenette : 2 plaques \u00e9lectrique, frigo top, micro-onde, cafeti\u00e8re \u00e0 filtres, vaisselle, verres, couverts, casseroles, ustensiles<\/p>\n<p>Les sanitaires sont \u00e0 votre disposition pour les WC, les douches, les lavabos et les bacs \u00e0 vaisselle<\/p>\n<p>\t\t\t\t\t\t\t\t\t\t\t\t\t\t\t<img decoding=\"async\" width=\"235\" height=\"127\" src=\"http:\/\/campinglepetitboiscantal.fr\/wp-content\/uploads\/2023\/08\/photo-myrtilles.png\" alt=\"\" loading=\"lazy\" \/>\t\t\t\t\t\t\t\t\t\t\t\t\t\t\t<\/p>\n<p><strong>Cabane Bruy\u00e8re &#8211; 2\/4 personnes (1 pi\u00e8ce + 1 chambre 17 m\u00b2)<\/strong><\/p>\n<p>1 pi\u00e8ce avec lit gigogne (2x70cm) + 1 chambre avec 1 lit gigogne (2&#215;70 cm)<\/p>\n<p>Kitchenette : 2 plaques \u00e9lectrique, frigo top, micro-onde, cafeti\u00e8re \u00e0 filtres, vaisselle, verres, couverts, casseroles, ustensiles<\/p>\n<p>Les sanitaires sont \u00e0 votre disposition\u00a0 pour les WC, les douches, les lavabos et les bacs \u00e0 vaisselle<\/p>\n<p>\t\t\t\t\t\t\t\t\t\t\t\t\t\t\t<img decoding=\"async\" width=\"268\" height=\"161\" src=\"http:\/\/campinglepetitboiscantal.fr\/wp-content\/uploads\/2023\/08\/photo-bruyere.png\" alt=\"\" loading=\"lazy\" \/>\t\t\t\t\t\t\t\t\t\t\t\t\t\t\t<\/p>\n<h2>Informations et tarifs<\/h2>\n<p>Retrouvez les diff\u00e9rents tarifs de nos cabanes selon votre situation : 2 ou 4\u00a0 personnes, faites votre choix entre nos diff\u00e9rentes cabanes (Primev\u00e8re, Gentiane, Myrtille et Bruy\u00e8re) !<\/p>\n<p>Si vous avez la moindre question, n&rsquo;h\u00e9sitez pas \u00e0 appeler la r\u00e9ception de notre camping Le Petit Bois qui se fera un plaisir de vous r\u00e9pondre.<\/p>\n<p>\t\t\t\t\t\t\t\t\t\t\t\t\t\t\t<img decoding=\"async\" width=\"934\" height=\"664\" src=\"http:\/\/campinglepetitboiscantal.fr\/wp-content\/uploads\/2026\/03\/Tableau-tarifs-cabanes-2026.jpg\" alt=\"\" loading=\"lazy\" srcset=\"https:\/\/campinglepetitboiscantal.fr\/wp-content\/uploads\/2026\/03\/Tableau-tarifs-cabanes-2026.jpg 934w, https:\/\/campinglepetitboiscantal.fr\/wp-content\/uploads\/2026\/03\/Tableau-tarifs-cabanes-2026-300x213.jpg 300w, https:\/\/campinglepetitboiscantal.fr\/wp-content\/uploads\/2026\/03\/Tableau-tarifs-cabanes-2026-768x546.jpg 768w\" sizes=\"auto, (max-width: 934px) 100vw, 934px\" \/>\t\t\t\t\t\t\t\t\t\t\t\t\t\t\t<\/p>\n<h2>Photot\u00e8que<\/h2>\n<p>D\u00e9couvrez nos diff\u00e9rentes cabanes dans notre camping <strong>Le Petit Bois<\/strong> \u00e0 travers ces diff\u00e9rentes photos.<\/p>\n<figure><img decoding=\"async\" width=\"2560\" height=\"1707\" src=\"http:\/\/campinglepetitboiscantal.fr\/wp-content\/uploads\/2023\/05\/Cabane-1-scaled.jpg\" alt=\"\" loading=\"lazy\" \/><\/figure>\n<figure><img decoding=\"async\" width=\"2560\" height=\"1707\" src=\"http:\/\/campinglepetitboiscantal.fr\/wp-content\/uploads\/2023\/05\/Cabane-8-scaled.jpg\" alt=\"Cabane (8)\" loading=\"lazy\" \/><\/figure>\n<figure><img decoding=\"async\" src=\"http:\/\/campinglepetitboiscantal.fr\/wp-content\/uploads\/2023\/05\/Cabane-9-1.jpg\" alt=\"Cabane (9)\" loading=\"lazy\" \/><\/figure>\n<figure><img decoding=\"async\" width=\"2560\" height=\"1707\" src=\"http:\/\/campinglepetitboiscantal.fr\/wp-content\/uploads\/2023\/05\/cabane-10-scaled.jpg\" alt=\"cabane 10\" loading=\"lazy\" \/><\/figure>\n<figure><img decoding=\"async\" width=\"2560\" height=\"1707\" src=\"http:\/\/campinglepetitboiscantal.fr\/wp-content\/uploads\/2023\/05\/Cabane-4-scaled.jpg\" alt=\"Cabane (4)\" loading=\"lazy\" \/><\/figure>\n<figure><img decoding=\"async\" width=\"2560\" height=\"1707\" src=\"http:\/\/campinglepetitboiscantal.fr\/wp-content\/uploads\/2023\/05\/Cabane-5-scaled.jpg\" alt=\"Cabane (5)\" loading=\"lazy\" \/><\/figure>\n<figure><img decoding=\"async\" width=\"2560\" height=\"1707\" src=\"http:\/\/campinglepetitboiscantal.fr\/wp-content\/uploads\/2023\/05\/Cabane-6-scaled.jpg\" alt=\"Cabane (6)\" loading=\"lazy\" \/><\/figure>\n<figure><img decoding=\"async\" width=\"418\" height=\"285\" src=\"http:\/\/campinglepetitboiscantal.fr\/wp-content\/uploads\/2023\/05\/Capture-decran-2023-05-05-a-09.21.46.png\" alt=\"\" loading=\"lazy\" \/><\/figure>\n<p><strong>Inventaire Cabanes<\/strong><\/p>\n<p>4 grandes assiettes, 4 assiettes creuses, 4 bols, 4 tasses, 4 verres, 4 couteaux, 4 fourchettes, 4 cuill\u00e8res, 4 petites cuill\u00e8res<\/p>\n<p>1 grande casserole, 1 casserole moyenne, 1 petite casserole, 1 fait tout, 1 grande po\u00eale, 1 planche \u00e0 d\u00e9couper, 1 passoire, 1 essoreuse \u00e0 salade, 1 plat, 1 saladier en verre, 1 tire-bouchon, 1 ouvre bo\u00eete, 1 ouvre bo\u00eete, 1 couteau cuisine, 1 \u00e9conome, 1 service \u00e0 salade, 1 spatule en bois, 1 \u00e9cumoire, 1 dessous de plat, 1 broc \u00e0 eau, 1 cafeti\u00e8re \u00e0 filtres \u00e9lectrique, 1 four micro-onde<\/p>\n<p>4 oreillers (2 pour la Primev\u00e8re), 4 couvertures (2 pour la Primev\u00e8re), 1 \u00e9tendoir \u00e0 linge, 1 seau, 1 bassine, 1 jerrycan, 1 balai, 1 balai brosse, 1 pelle et balayette<\/p>\n","protected":false},"excerpt":{"rendered":"<p>Choisissez votre cabane id\u00e9ale Vous vous sentez l\u2019\u00e2me d\u2019un aventurier, mais ne voulez faire aucun compromis sur le confort ? Optez pour la Cabane. Chaleureuse, elle concilie perfection esth\u00e9tique et pratique. Son int\u00e9rieur en bois massif respire le bien-\u00eatre et la s\u00e9r\u00e9nit\u00e9. Attention, les cabanes de notre camping Le Petit Bois ne sont pas \u00e9quip\u00e9es [&hellip;]<\/p>\n","protected":false},"author":1,"featured_media":0,"parent":0,"menu_order":0,"comment_status":"closed","ping_status":"closed","template":"","meta":{"footnotes":""},"class_list":["post-27","page","type-page","status-publish","hentry","entry"],"yoast_head":"<!-- This site is optimized with the Yoast SEO plugin v20.13 - https:\/\/yoast.com\/wordpress\/plugins\/seo\/ -->\n<title>Cabanes - Le petit bois<\/title>\n<meta name=\"robots\" content=\"index, follow, max-snippet:-1, max-image-preview:large, max-video-preview:-1\" \/>\n<link rel=\"canonical\" href=\"https:\/\/campinglepetitboiscantal.fr\/index.php\/cabanes\/\" \/>\n<meta property=\"og:locale\" content=\"fr_FR\" \/>\n<meta property=\"og:type\" content=\"article\" \/>\n<meta property=\"og:title\" content=\"Cabanes - Le petit bois\" \/>\n<meta property=\"og:description\" content=\"Choisissez votre cabane id\u00e9ale Vous vous sentez l\u2019\u00e2me d\u2019un aventurier, mais ne voulez faire aucun compromis sur le confort ? Optez pour la Cabane. Chaleureuse, elle concilie perfection esth\u00e9tique et pratique. Son int\u00e9rieur en bois massif respire le bien-\u00eatre et la s\u00e9r\u00e9nit\u00e9. Attention, les cabanes de notre camping Le Petit Bois ne sont pas \u00e9quip\u00e9es [&hellip;]\" \/>\n<meta property=\"og:url\" content=\"https:\/\/campinglepetitboiscantal.fr\/index.php\/cabanes\/\" \/>\n<meta property=\"og:site_name\" content=\"Le petit bois\" \/>\n<meta property=\"article:modified_time\" content=\"2026-03-18T08:40:42+00:00\" \/>\n<meta property=\"og:image\" content=\"http:\/\/campinglepetitboiscantal.fr\/wp-content\/uploads\/2023\/05\/PHOTO-2023-05-16-16-39-42-768x576.jpg\" \/>\n<meta name=\"twitter:card\" content=\"summary_large_image\" \/>\n<meta name=\"twitter:label1\" content=\"Dur\u00e9e de lecture estim\u00e9e\" \/>\n\t<meta name=\"twitter:data1\" content=\"6 minutes\" \/>\n<script type=\"application\/ld+json\" class=\"yoast-schema-graph\">{\"@context\":\"https:\/\/schema.org\",\"@graph\":[{\"@type\":\"WebPage\",\"@id\":\"https:\/\/campinglepetitboiscantal.fr\/index.php\/cabanes\/\",\"url\":\"https:\/\/campinglepetitboiscantal.fr\/index.php\/cabanes\/\",\"name\":\"Cabanes - Le petit bois\",\"isPartOf\":{\"@id\":\"https:\/\/campinglepetitboiscantal.fr\/#website\"},\"datePublished\":\"2023-04-20T09:22:24+00:00\",\"dateModified\":\"2026-03-18T08:40:42+00:00\",\"breadcrumb\":{\"@id\":\"https:\/\/campinglepetitboiscantal.fr\/index.php\/cabanes\/#breadcrumb\"},\"inLanguage\":\"fr-FR\",\"potentialAction\":[{\"@type\":\"ReadAction\",\"target\":[\"https:\/\/campinglepetitboiscantal.fr\/index.php\/cabanes\/\"]}]},{\"@type\":\"BreadcrumbList\",\"@id\":\"https:\/\/campinglepetitboiscantal.fr\/index.php\/cabanes\/#breadcrumb\",\"itemListElement\":[{\"@type\":\"ListItem\",\"position\":1,\"name\":\"Accueil\",\"item\":\"https:\/\/campinglepetitboiscantal.fr\/\"},{\"@type\":\"ListItem\",\"position\":2,\"name\":\"Cabanes\"}]},{\"@type\":\"WebSite\",\"@id\":\"https:\/\/campinglepetitboiscantal.fr\/#website\",\"url\":\"https:\/\/campinglepetitboiscantal.fr\/\",\"name\":\"Le petit bois\",\"description\":\"Un site utilisant WordPress\",\"publisher\":{\"@id\":\"https:\/\/campinglepetitboiscantal.fr\/#organization\"},\"potentialAction\":[{\"@type\":\"SearchAction\",\"target\":{\"@type\":\"EntryPoint\",\"urlTemplate\":\"https:\/\/campinglepetitboiscantal.fr\/?s={search_term_string}\"},\"query-input\":\"required name=search_term_string\"}],\"inLanguage\":\"fr-FR\"},{\"@type\":\"Organization\",\"@id\":\"https:\/\/campinglepetitboiscantal.fr\/#organization\",\"name\":\"Le petit bois\",\"url\":\"https:\/\/campinglepetitboiscantal.fr\/\",\"logo\":{\"@type\":\"ImageObject\",\"inLanguage\":\"fr-FR\",\"@id\":\"https:\/\/campinglepetitboiscantal.fr\/#\/schema\/logo\/image\/\",\"url\":\"http:\/\/campinglepetitboiscantal.fr\/wp-content\/uploads\/2023\/04\/cropped-logoruynes.png\",\"contentUrl\":\"http:\/\/campinglepetitboiscantal.fr\/wp-content\/uploads\/2023\/04\/cropped-logoruynes.png\",\"width\":675,\"height\":330,\"caption\":\"Le petit bois\"},\"image\":{\"@id\":\"https:\/\/campinglepetitboiscantal.fr\/#\/schema\/logo\/image\/\"}}]}<\/script>\n<!-- \/ Yoast SEO plugin. -->","yoast_head_json":{"title":"Cabanes - Le petit bois","robots":{"index":"index","follow":"follow","max-snippet":"max-snippet:-1","max-image-preview":"max-image-preview:large","max-video-preview":"max-video-preview:-1"},"canonical":"https:\/\/campinglepetitboiscantal.fr\/index.php\/cabanes\/","og_locale":"fr_FR","og_type":"article","og_title":"Cabanes - Le petit bois","og_description":"Choisissez votre cabane id\u00e9ale Vous vous sentez l\u2019\u00e2me d\u2019un aventurier, mais ne voulez faire aucun compromis sur le confort ? Optez pour la Cabane. Chaleureuse, elle concilie perfection esth\u00e9tique et pratique. Son int\u00e9rieur en bois massif respire le bien-\u00eatre et la s\u00e9r\u00e9nit\u00e9. Attention, les cabanes de notre camping Le Petit Bois ne sont pas \u00e9quip\u00e9es [&hellip;]","og_url":"https:\/\/campinglepetitboiscantal.fr\/index.php\/cabanes\/","og_site_name":"Le petit bois","article_modified_time":"2026-03-18T08:40:42+00:00","og_image":[{"url":"http:\/\/campinglepetitboiscantal.fr\/wp-content\/uploads\/2023\/05\/PHOTO-2023-05-16-16-39-42-768x576.jpg"}],"twitter_card":"summary_large_image","twitter_misc":{"Dur\u00e9e de lecture estim\u00e9e":"6 minutes"},"schema":{"@context":"https:\/\/schema.org","@graph":[{"@type":"WebPage","@id":"https:\/\/campinglepetitboiscantal.fr\/index.php\/cabanes\/","url":"https:\/\/campinglepetitboiscantal.fr\/index.php\/cabanes\/","name":"Cabanes - Le petit bois","isPartOf":{"@id":"https:\/\/campinglepetitboiscantal.fr\/#website"},"datePublished":"2023-04-20T09:22:24+00:00","dateModified":"2026-03-18T08:40:42+00:00","breadcrumb":{"@id":"https:\/\/campinglepetitboiscantal.fr\/index.php\/cabanes\/#breadcrumb"},"inLanguage":"fr-FR","potentialAction":[{"@type":"ReadAction","target":["https:\/\/campinglepetitboiscantal.fr\/index.php\/cabanes\/"]}]},{"@type":"BreadcrumbList","@id":"https:\/\/campinglepetitboiscantal.fr\/index.php\/cabanes\/#breadcrumb","itemListElement":[{"@type":"ListItem","position":1,"name":"Accueil","item":"https:\/\/campinglepetitboiscantal.fr\/"},{"@type":"ListItem","position":2,"name":"Cabanes"}]},{"@type":"WebSite","@id":"https:\/\/campinglepetitboiscantal.fr\/#website","url":"https:\/\/campinglepetitboiscantal.fr\/","name":"Le petit bois","description":"Un site utilisant WordPress","publisher":{"@id":"https:\/\/campinglepetitboiscantal.fr\/#organization"},"potentialAction":[{"@type":"SearchAction","target":{"@type":"EntryPoint","urlTemplate":"https:\/\/campinglepetitboiscantal.fr\/?s={search_term_string}"},"query-input":"required name=search_term_string"}],"inLanguage":"fr-FR"},{"@type":"Organization","@id":"https:\/\/campinglepetitboiscantal.fr\/#organization","name":"Le petit bois","url":"https:\/\/campinglepetitboiscantal.fr\/","logo":{"@type":"ImageObject","inLanguage":"fr-FR","@id":"https:\/\/campinglepetitboiscantal.fr\/#\/schema\/logo\/image\/","url":"http:\/\/campinglepetitboiscantal.fr\/wp-content\/uploads\/2023\/04\/cropped-logoruynes.png","contentUrl":"http:\/\/campinglepetitboiscantal.fr\/wp-content\/uploads\/2023\/04\/cropped-logoruynes.png","width":675,"height":330,"caption":"Le petit bois"},"image":{"@id":"https:\/\/campinglepetitboiscantal.fr\/#\/schema\/logo\/image\/"}}]}},"_links":{"self":[{"href":"http:\/\/campinglepetitboiscantal.fr\/index.php\/wp-json\/wp\/v2\/pages\/27","targetHints":{"allow":["GET"]}}],"collection":[{"href":"http:\/\/campinglepetitboiscantal.fr\/index.php\/wp-json\/wp\/v2\/pages"}],"about":[{"href":"http:\/\/campinglepetitboiscantal.fr\/index.php\/wp-json\/wp\/v2\/types\/page"}],"author":[{"embeddable":true,"href":"http:\/\/campinglepetitboiscantal.fr\/index.php\/wp-json\/wp\/v2\/users\/1"}],"replies":[{"embeddable":true,"href":"http:\/\/campinglepetitboiscantal.fr\/index.php\/wp-json\/wp\/v2\/comments?post=27"}],"version-history":[{"count":107,"href":"http:\/\/campinglepetitboiscantal.fr\/index.php\/wp-json\/wp\/v2\/pages\/27\/revisions"}],"predecessor-version":[{"id":932,"href":"http:\/\/campinglepetitboiscantal.fr\/index.php\/wp-json\/wp\/v2\/pages\/27\/revisions\/932"}],"wp:attachment":[{"href":"http:\/\/campinglepetitboiscantal.fr\/index.php\/wp-json\/wp\/v2\/media?parent=27"}],"curies":[{"name":"wp","href":"https:\/\/api.w.org\/{rel}","templated":true}]}}