{"id":29,"date":"2023-04-20T11:22:37","date_gmt":"2023-04-20T09:22:37","guid":{"rendered":"http:\/\/campinglepetitboiscantal.fr\/?page_id=29"},"modified":"2026-03-18T09:48:49","modified_gmt":"2026-03-18T08:48:49","slug":"chalets","status":"publish","type":"page","link":"http:\/\/campinglepetitboiscantal.fr\/index.php\/chalets\/","title":{"rendered":"Chalets"},"content":{"rendered":"<p><img decoding=\"async\" width=\"1024\" height=\"576\" src=\"http:\/\/campinglepetitboiscantal.fr\/wp-content\/uploads\/2023\/05\/d61c20f3-25bb-4343-8107-5d983dc40e11-1024x576.jpg\" alt=\"\" loading=\"lazy\" srcset=\"https:\/\/campinglepetitboiscantal.fr\/wp-content\/uploads\/2023\/05\/d61c20f3-25bb-4343-8107-5d983dc40e11-1024x576.jpg 1024w, https:\/\/campinglepetitboiscantal.fr\/wp-content\/uploads\/2023\/05\/d61c20f3-25bb-4343-8107-5d983dc40e11-300x169.jpg 300w, https:\/\/campinglepetitboiscantal.fr\/wp-content\/uploads\/2023\/05\/d61c20f3-25bb-4343-8107-5d983dc40e11-768x432.jpg 768w, https:\/\/campinglepetitboiscantal.fr\/wp-content\/uploads\/2023\/05\/d61c20f3-25bb-4343-8107-5d983dc40e11-1536x864.jpg 1536w, https:\/\/campinglepetitboiscantal.fr\/wp-content\/uploads\/2023\/05\/d61c20f3-25bb-4343-8107-5d983dc40e11-800x450.jpg 800w, https:\/\/campinglepetitboiscantal.fr\/wp-content\/uploads\/2023\/05\/d61c20f3-25bb-4343-8107-5d983dc40e11.jpg 1600w\" sizes=\"auto, (max-width: 1024px) 100vw, 1024px\" \/><br \/>\n\t\t\t\t\t\t\t\t\t\t\t\t\t\t\t<img decoding=\"async\" width=\"1024\" height=\"768\" src=\"http:\/\/campinglepetitboiscantal.fr\/wp-content\/uploads\/2023\/05\/cb12569f-d05a-41da-81d8-0f3101d34a15-1024x768.jpg\" alt=\"\" loading=\"lazy\" srcset=\"https:\/\/campinglepetitboiscantal.fr\/wp-content\/uploads\/2023\/05\/cb12569f-d05a-41da-81d8-0f3101d34a15-1024x768.jpg 1024w, https:\/\/campinglepetitboiscantal.fr\/wp-content\/uploads\/2023\/05\/cb12569f-d05a-41da-81d8-0f3101d34a15-300x225.jpg 300w, https:\/\/campinglepetitboiscantal.fr\/wp-content\/uploads\/2023\/05\/cb12569f-d05a-41da-81d8-0f3101d34a15-768x576.jpg 768w, https:\/\/campinglepetitboiscantal.fr\/wp-content\/uploads\/2023\/05\/cb12569f-d05a-41da-81d8-0f3101d34a15-1536x1152.jpg 1536w, https:\/\/campinglepetitboiscantal.fr\/wp-content\/uploads\/2023\/05\/cb12569f-d05a-41da-81d8-0f3101d34a15.jpg 1600w\" sizes=\"auto, (max-width: 1024px) 100vw, 1024px\" \/>\t\t\t\t\t\t\t\t\t\t\t\t\t\t\t<\/p>\n<h1>Choisissez votre chalet id\u00e9al<\/h1>\n<p>Besoin d&rsquo;un retour aux sources ? De plus d&rsquo;authenticit\u00e9 ? De confort ? La nature est plac\u00e9e au centre de vos vacances ? Optez pour l\u2019un de nos chalets dans notre camping Le Petit Bois, pour les vacanciers souhaitant vivre au plus pr\u00e8s d\u2019une nature pr\u00e9serv\u00e9e.<\/p>\n<h2>Faites votre choix<\/h2>\n<p>Le camping <strong>Le Petit Bois<\/strong> vous propose diff\u00e9rents chalets selon le nombre d&rsquo;occupants.<\/p>\n<p>CHALETS 4 PERSONNES (2 chambres)<\/p>\n<p>Chambre 1 : Grand lit 140 cm<\/p>\n<p>Chambre 2 : 2 lits superpos\u00e9s 80 cm<\/p>\n<p>S\u00e9jour\/cuisine \u00e9quip\u00e9e : 2 plaques vitroc\u00e9ramique, frigo top, micro-onde, cafeti\u00e8re \u00e9lectrique \u00e0 filtres, bouilloire, grille pain<\/p>\n<p>Salle d&rsquo;eau : WC, cabine de douche, lavabo<\/p>\n<p>Couettes et oreillers fournis. Pas de location de draps<\/p>\n<p>Grande terrasse de 12 m\u00b2<\/p>\n<p>1 mod\u00e8le PMR disponible<\/p>\n<p>CHALETS 5 PERSONNES (2 chambres)<\/p>\n<p>Chambre 1 : Grand lit 140 cm<\/p>\n<p>Chambre 2 : 2 lits superpos\u00e9s 80 cm et 1 lit simple 80 cm<\/p>\n<p>S\u00e9jour\/cuisine \u00e9quip\u00e9e : 2 plaques vitroc\u00e9ramique, frigo top, cafeti\u00e8re \u00e9lectrique \u00e0 filtres, bouilloire, grille pain<\/p>\n<p>Salle de d&rsquo;eau: cabine de douche et lavabo<\/p>\n<p>WC : s\u00e9par\u00e9<\/p>\n<p>Couettes et oreillers fournis. Pas de location de draps<\/p>\n<p>Grande terrasse de 12 m\u00b2<\/p>\n<p>CHALETS 7 PERSONNES (3 chambres)<\/p>\n<p>Chambre 1 : Grand lit 140 cm<\/p>\n<p>Chambre 2 : 2 lits superpos\u00e9s 80 cm et 1 lit simple 80 cm<\/p>\n<p>Chambre 3 : 2 lits superpos\u00e9s 80 cm<\/p>\n<p>S\u00e9jour\/cuisine \u00e9quip\u00e9e : 2 plaques vitroc\u00e9ramique, frigo top, cafeti\u00e8re \u00e9lectrique \u00e0 filtres, bouilloire, grille pain<\/p>\n<p>Salle d&rsquo;eau : cabine de douche et lavabo<\/p>\n<p>WC : s\u00e9par\u00e9<\/p>\n<p>Couettes et oreillers fournis. Pas de location de draps<\/p>\n<p>Grande terrasse de 12 m\u00b2<\/p>\n<h2>Informations et tarifs<\/h2>\n<p>Retrouvez les diff\u00e9rents tarifs de nos chalets selon votre situation : 4, 5 ou 7 personnes, faites votre choix entre nos diff\u00e9rents chalets !<\/p>\n<p>Si vous avez la moindre question, n&rsquo;h\u00e9sitez pas \u00e0 appeler la r\u00e9ception de notre camping Le Petit Bois qui se fera un plaisir de vous r\u00e9pondre.<\/p>\n<p>\t\t\t\t\t\t\t\t\t\t\t\t\t\t\t<img decoding=\"async\" width=\"954\" height=\"841\" src=\"http:\/\/campinglepetitboiscantal.fr\/wp-content\/uploads\/2026\/03\/Tableau-tarifs-chalets-2026.jpg\" alt=\"\" loading=\"lazy\" srcset=\"https:\/\/campinglepetitboiscantal.fr\/wp-content\/uploads\/2026\/03\/Tableau-tarifs-chalets-2026.jpg 954w, https:\/\/campinglepetitboiscantal.fr\/wp-content\/uploads\/2026\/03\/Tableau-tarifs-chalets-2026-300x264.jpg 300w, https:\/\/campinglepetitboiscantal.fr\/wp-content\/uploads\/2026\/03\/Tableau-tarifs-chalets-2026-768x677.jpg 768w\" sizes=\"auto, (max-width: 954px) 100vw, 954px\" \/>\t\t\t\t\t\t\t\t\t\t\t\t\t\t\t<\/p>\n<h2>Photot\u00e8que<\/h2>\n<p>D\u00e9couvrez nos diff\u00e9rents chalets dans notre camping <strong>Le Petit Bois<\/strong> \u00e0 travers ces diff\u00e9rentes photos.<\/p>\n<figure><img decoding=\"async\" width=\"2560\" height=\"1707\" src=\"http:\/\/campinglepetitboiscantal.fr\/wp-content\/uploads\/2023\/05\/Chalets-hebergements-1-scaled.jpg\" alt=\"Chalets he\u0301bergements 1\" loading=\"lazy\" \/><\/figure>\n<figure><img decoding=\"async\" width=\"2560\" height=\"1707\" src=\"http:\/\/campinglepetitboiscantal.fr\/wp-content\/uploads\/2023\/05\/Chalet-5-personnes-2-scaled.jpg\" alt=\"Chalet 5 personnes\" loading=\"lazy\" \/><\/figure>\n<figure><img decoding=\"async\" width=\"2560\" height=\"1707\" src=\"http:\/\/campinglepetitboiscantal.fr\/wp-content\/uploads\/2023\/05\/Chalet-4-personnes-2-scaled.jpg\" alt=\"\" loading=\"lazy\" \/><\/figure>\n<figure><img decoding=\"async\" width=\"2560\" height=\"1707\" src=\"http:\/\/campinglepetitboiscantal.fr\/wp-content\/uploads\/2023\/05\/Chalet-hebergement-3-scaled.jpg\" alt=\"Chalet he\u0301bergement\" loading=\"lazy\" \/><\/figure>\n<figure><img decoding=\"async\" width=\"2560\" height=\"1707\" src=\"http:\/\/campinglepetitboiscantal.fr\/wp-content\/uploads\/2023\/05\/interieur-chalet-1-scaled.jpg\" alt=\"inte\u0301rieur chalet\" loading=\"lazy\" \/><\/figure>\n<figure><img decoding=\"async\" width=\"1683\" height=\"1123\" src=\"http:\/\/campinglepetitboiscantal.fr\/wp-content\/uploads\/2023\/05\/Chalet-4-personnes-4-scaled-e1683309284948.jpg\" alt=\"\" loading=\"lazy\" \/><\/figure>\n<figure><img decoding=\"async\" width=\"1707\" height=\"1147\" src=\"http:\/\/campinglepetitboiscantal.fr\/wp-content\/uploads\/2023\/05\/Chalet-4-personnes-5-scaled-e1683364110398.jpg\" alt=\"Chalet 4 personnes (5)\" loading=\"lazy\" \/><\/figure>\n<figure><img decoding=\"async\" width=\"2560\" height=\"1707\" src=\"http:\/\/campinglepetitboiscantal.fr\/wp-content\/uploads\/2023\/05\/DSC_1413-scaled.jpg\" alt=\"chalets h\u00e9bergements\" loading=\"lazy\" \/><\/figure>\n<p><strong>Inventaire Chalets 4 personnes<\/strong><\/p>\n<p>4 grandes assiettes, 4 assiettes creuses, 4 petites assiettes, 4 bols, 4 tasses, 8 verres, 4 verres \u00e0 vin, 4 couteaux, 4 couteaux \u00e0 steak, 8 fourchettes, 8 cuill\u00e8res, 8 petites cuill\u00e8res<\/p>\n<p>1 grande casserole, 1 petite casserole, 1 fait tout, 1 grande po\u00eale, 1 petite po\u00eale, 1 planche \u00e0 d\u00e9couper, 1 passoire, 1essoreuse \u00e0 salade, 1 plat, 1 saladier en verre, 1 saladier blanc, 1 tire-bouchon, 1 ouvre bo\u00eete, 1 couteau d&rsquo;office, 1 \u00e9conome, 1 ciseaux, 1 service \u00e0 salade, 1 spatule en bois, 1 louche, 1 \u00e9cumoire, 1 spatule, 1 grande cuill\u00e8re, 1 grand couteau chef, 1 dessous de plat, 1 broc \u00e0 eau<\/p>\n<p>1 cafeti\u00e8re \u00e0 filtres \u00e9lectrique, 1 grille-pain, 1 bouilloire \u00e9lectrique, 1 four micro-onde, 1 \u00e9tendoir \u00e0 linge, 1 seau, 1 balai espagnol, 1 balai, 1 pelle et balayette, 1 poubelle, 1 poubelle salle de bain<\/p>\n<p><strong>Inventaire Chalets 5 personnes<\/strong><\/p>\n<p>5 grandes assiettes, 5 assiettes creuses, 5 petites assiettes, 5 bols, 5 tasses, 10 verres, 5 verres \u00e0 vin, 5 couteaux, 5 couteaux \u00e0 steak, 10 fourchettes, 10 cuill\u00e8res, 10 petites cuill\u00e8res<\/p>\n<p>1 grande casserole, 1 petite casserole, 1 fait tout, 1 grande po\u00eale, 1 petite po\u00eale, 1 planche \u00e0 d\u00e9couper, 1 passoire, 1essoreuse \u00e0 salade, 1 plat, 1 saladier en verre, 1 saladier blanc, 1 tire-bouchon, 1 ouvre bo\u00eete, 1 couteau d&rsquo;office, 1 \u00e9conome, 1 ciseaux, 1 service \u00e0 salade, 1 spatule en bois, 1 louche, 1 \u00e9cumoire, 1 spatule, 1 grande cuill\u00e8re, 1 grand couteau chef, 1 dessous de plat, 1 broc \u00e0 eau<\/p>\n<p>1 cafeti\u00e8re \u00e0 filtres \u00e9lectrique, 1 grille-pain, 1 bouilloire \u00e9lectrique, 1 four micro-onde, 1 \u00e9tendoir \u00e0 linge, 1 seau, 1 balai espagnol, 1 balai, 1 pelle et balayette, 1 poubelle, 1 poubelle salle de bain<\/p>\n<p><strong>Inventaire Chalets 7 personnes<\/strong><\/p>\n<p>7 grandes assiettes, 7 assiettes creuses, 7 petites assiettes, 7 bols, 7 tasses, 14 verres, 7 verres \u00e0 vin, 7 couteaux, 7 couteaux \u00e0 steak, 10 fourchettes, 10 cuill\u00e8res, 10 petites cuill\u00e8res<\/p>\n<p>1 grande casserole, 1 petite casserole, 1 fait tout, 1 grande po\u00eale, 1 petite po\u00eale, 1 planche \u00e0 d\u00e9couper, 1 passoire, 1essoreuse \u00e0 salade, 1 plat, 1 saladier en verre, 1 saladier blanc, 1 tire-bouchon, 1 ouvre bo\u00eete, 1 couteau d&rsquo;office, 1 \u00e9conome, 1 ciseaux, 1 service \u00e0 salade, 1 spatule en bois, 1 louche, 1 \u00e9cumoire, 1 spatule, 1 grande cuill\u00e8re, 1 grand couteau chef, 1 dessous de plat, 1 broc \u00e0 eau<\/p>\n<p>1 cafeti\u00e8re \u00e0 filtres \u00e9lectrique, 1 grille-pain, 1 bouilloire \u00e9lectrique, 1 four micro-onde, 1 \u00e9tendoir \u00e0 linge, 1 seau, 1 balai espagnol, 1 balai, 1 pelle et balayette, 1 poubelle, 1 poubelle salle de bain<\/p>\n","protected":false},"excerpt":{"rendered":"<p>Choisissez votre chalet id\u00e9al Besoin d&rsquo;un retour aux sources ? De plus d&rsquo;authenticit\u00e9 ? De confort ? La nature est plac\u00e9e au centre de vos vacances ? Optez pour l\u2019un de nos chalets dans notre camping Le Petit Bois, pour les vacanciers souhaitant vivre au plus pr\u00e8s d\u2019une nature pr\u00e9serv\u00e9e. Faites votre choix Le camping [&hellip;]<\/p>\n","protected":false},"author":1,"featured_media":0,"parent":0,"menu_order":0,"comment_status":"closed","ping_status":"closed","template":"","meta":{"footnotes":""},"class_list":["post-29","page","type-page","status-publish","hentry","entry"],"yoast_head":"<!-- This site is optimized with the Yoast SEO plugin v20.13 - https:\/\/yoast.com\/wordpress\/plugins\/seo\/ -->\n<title>Chalets - Le petit bois<\/title>\n<meta name=\"robots\" content=\"index, follow, max-snippet:-1, max-image-preview:large, max-video-preview:-1\" \/>\n<link rel=\"canonical\" href=\"https:\/\/campinglepetitboiscantal.fr\/index.php\/chalets\/\" \/>\n<meta property=\"og:locale\" content=\"fr_FR\" \/>\n<meta property=\"og:type\" content=\"article\" \/>\n<meta property=\"og:title\" content=\"Chalets - Le petit bois\" \/>\n<meta property=\"og:description\" content=\"Choisissez votre chalet id\u00e9al Besoin d&rsquo;un retour aux sources ? De plus d&rsquo;authenticit\u00e9 ? De confort ? La nature est plac\u00e9e au centre de vos vacances ? Optez pour l\u2019un de nos chalets dans notre camping Le Petit Bois, pour les vacanciers souhaitant vivre au plus pr\u00e8s d\u2019une nature pr\u00e9serv\u00e9e. Faites votre choix Le camping [&hellip;]\" \/>\n<meta property=\"og:url\" content=\"https:\/\/campinglepetitboiscantal.fr\/index.php\/chalets\/\" \/>\n<meta property=\"og:site_name\" content=\"Le petit bois\" \/>\n<meta property=\"article:modified_time\" content=\"2026-03-18T08:48:49+00:00\" \/>\n<meta property=\"og:image\" content=\"http:\/\/campinglepetitboiscantal.fr\/wp-content\/uploads\/2023\/05\/d61c20f3-25bb-4343-8107-5d983dc40e11-1024x576.jpg\" \/>\n<meta name=\"twitter:card\" content=\"summary_large_image\" \/>\n<meta name=\"twitter:label1\" content=\"Dur\u00e9e de lecture estim\u00e9e\" \/>\n\t<meta name=\"twitter:data1\" content=\"7 minutes\" \/>\n<script type=\"application\/ld+json\" class=\"yoast-schema-graph\">{\"@context\":\"https:\/\/schema.org\",\"@graph\":[{\"@type\":\"WebPage\",\"@id\":\"https:\/\/campinglepetitboiscantal.fr\/index.php\/chalets\/\",\"url\":\"https:\/\/campinglepetitboiscantal.fr\/index.php\/chalets\/\",\"name\":\"Chalets - Le petit bois\",\"isPartOf\":{\"@id\":\"https:\/\/campinglepetitboiscantal.fr\/#website\"},\"datePublished\":\"2023-04-20T09:22:37+00:00\",\"dateModified\":\"2026-03-18T08:48:49+00:00\",\"breadcrumb\":{\"@id\":\"https:\/\/campinglepetitboiscantal.fr\/index.php\/chalets\/#breadcrumb\"},\"inLanguage\":\"fr-FR\",\"potentialAction\":[{\"@type\":\"ReadAction\",\"target\":[\"https:\/\/campinglepetitboiscantal.fr\/index.php\/chalets\/\"]}]},{\"@type\":\"BreadcrumbList\",\"@id\":\"https:\/\/campinglepetitboiscantal.fr\/index.php\/chalets\/#breadcrumb\",\"itemListElement\":[{\"@type\":\"ListItem\",\"position\":1,\"name\":\"Accueil\",\"item\":\"https:\/\/campinglepetitboiscantal.fr\/\"},{\"@type\":\"ListItem\",\"position\":2,\"name\":\"Chalets\"}]},{\"@type\":\"WebSite\",\"@id\":\"https:\/\/campinglepetitboiscantal.fr\/#website\",\"url\":\"https:\/\/campinglepetitboiscantal.fr\/\",\"name\":\"Le petit bois\",\"description\":\"Un site utilisant WordPress\",\"publisher\":{\"@id\":\"https:\/\/campinglepetitboiscantal.fr\/#organization\"},\"potentialAction\":[{\"@type\":\"SearchAction\",\"target\":{\"@type\":\"EntryPoint\",\"urlTemplate\":\"https:\/\/campinglepetitboiscantal.fr\/?s={search_term_string}\"},\"query-input\":\"required name=search_term_string\"}],\"inLanguage\":\"fr-FR\"},{\"@type\":\"Organization\",\"@id\":\"https:\/\/campinglepetitboiscantal.fr\/#organization\",\"name\":\"Le petit bois\",\"url\":\"https:\/\/campinglepetitboiscantal.fr\/\",\"logo\":{\"@type\":\"ImageObject\",\"inLanguage\":\"fr-FR\",\"@id\":\"https:\/\/campinglepetitboiscantal.fr\/#\/schema\/logo\/image\/\",\"url\":\"http:\/\/campinglepetitboiscantal.fr\/wp-content\/uploads\/2023\/04\/cropped-logoruynes.png\",\"contentUrl\":\"http:\/\/campinglepetitboiscantal.fr\/wp-content\/uploads\/2023\/04\/cropped-logoruynes.png\",\"width\":675,\"height\":330,\"caption\":\"Le petit bois\"},\"image\":{\"@id\":\"https:\/\/campinglepetitboiscantal.fr\/#\/schema\/logo\/image\/\"}}]}<\/script>\n<!-- \/ Yoast SEO plugin. -->","yoast_head_json":{"title":"Chalets - Le petit bois","robots":{"index":"index","follow":"follow","max-snippet":"max-snippet:-1","max-image-preview":"max-image-preview:large","max-video-preview":"max-video-preview:-1"},"canonical":"https:\/\/campinglepetitboiscantal.fr\/index.php\/chalets\/","og_locale":"fr_FR","og_type":"article","og_title":"Chalets - Le petit bois","og_description":"Choisissez votre chalet id\u00e9al Besoin d&rsquo;un retour aux sources ? De plus d&rsquo;authenticit\u00e9 ? De confort ? La nature est plac\u00e9e au centre de vos vacances ? Optez pour l\u2019un de nos chalets dans notre camping Le Petit Bois, pour les vacanciers souhaitant vivre au plus pr\u00e8s d\u2019une nature pr\u00e9serv\u00e9e. Faites votre choix Le camping [&hellip;]","og_url":"https:\/\/campinglepetitboiscantal.fr\/index.php\/chalets\/","og_site_name":"Le petit bois","article_modified_time":"2026-03-18T08:48:49+00:00","og_image":[{"url":"http:\/\/campinglepetitboiscantal.fr\/wp-content\/uploads\/2023\/05\/d61c20f3-25bb-4343-8107-5d983dc40e11-1024x576.jpg"}],"twitter_card":"summary_large_image","twitter_misc":{"Dur\u00e9e de lecture estim\u00e9e":"7 minutes"},"schema":{"@context":"https:\/\/schema.org","@graph":[{"@type":"WebPage","@id":"https:\/\/campinglepetitboiscantal.fr\/index.php\/chalets\/","url":"https:\/\/campinglepetitboiscantal.fr\/index.php\/chalets\/","name":"Chalets - Le petit bois","isPartOf":{"@id":"https:\/\/campinglepetitboiscantal.fr\/#website"},"datePublished":"2023-04-20T09:22:37+00:00","dateModified":"2026-03-18T08:48:49+00:00","breadcrumb":{"@id":"https:\/\/campinglepetitboiscantal.fr\/index.php\/chalets\/#breadcrumb"},"inLanguage":"fr-FR","potentialAction":[{"@type":"ReadAction","target":["https:\/\/campinglepetitboiscantal.fr\/index.php\/chalets\/"]}]},{"@type":"BreadcrumbList","@id":"https:\/\/campinglepetitboiscantal.fr\/index.php\/chalets\/#breadcrumb","itemListElement":[{"@type":"ListItem","position":1,"name":"Accueil","item":"https:\/\/campinglepetitboiscantal.fr\/"},{"@type":"ListItem","position":2,"name":"Chalets"}]},{"@type":"WebSite","@id":"https:\/\/campinglepetitboiscantal.fr\/#website","url":"https:\/\/campinglepetitboiscantal.fr\/","name":"Le petit bois","description":"Un site utilisant WordPress","publisher":{"@id":"https:\/\/campinglepetitboiscantal.fr\/#organization"},"potentialAction":[{"@type":"SearchAction","target":{"@type":"EntryPoint","urlTemplate":"https:\/\/campinglepetitboiscantal.fr\/?s={search_term_string}"},"query-input":"required name=search_term_string"}],"inLanguage":"fr-FR"},{"@type":"Organization","@id":"https:\/\/campinglepetitboiscantal.fr\/#organization","name":"Le petit bois","url":"https:\/\/campinglepetitboiscantal.fr\/","logo":{"@type":"ImageObject","inLanguage":"fr-FR","@id":"https:\/\/campinglepetitboiscantal.fr\/#\/schema\/logo\/image\/","url":"http:\/\/campinglepetitboiscantal.fr\/wp-content\/uploads\/2023\/04\/cropped-logoruynes.png","contentUrl":"http:\/\/campinglepetitboiscantal.fr\/wp-content\/uploads\/2023\/04\/cropped-logoruynes.png","width":675,"height":330,"caption":"Le petit bois"},"image":{"@id":"https:\/\/campinglepetitboiscantal.fr\/#\/schema\/logo\/image\/"}}]}},"_links":{"self":[{"href":"http:\/\/campinglepetitboiscantal.fr\/index.php\/wp-json\/wp\/v2\/pages\/29","targetHints":{"allow":["GET"]}}],"collection":[{"href":"http:\/\/campinglepetitboiscantal.fr\/index.php\/wp-json\/wp\/v2\/pages"}],"about":[{"href":"http:\/\/campinglepetitboiscantal.fr\/index.php\/wp-json\/wp\/v2\/types\/page"}],"author":[{"embeddable":true,"href":"http:\/\/campinglepetitboiscantal.fr\/index.php\/wp-json\/wp\/v2\/users\/1"}],"replies":[{"embeddable":true,"href":"http:\/\/campinglepetitboiscantal.fr\/index.php\/wp-json\/wp\/v2\/comments?post=29"}],"version-history":[{"count":79,"href":"http:\/\/campinglepetitboiscantal.fr\/index.php\/wp-json\/wp\/v2\/pages\/29\/revisions"}],"predecessor-version":[{"id":935,"href":"http:\/\/campinglepetitboiscantal.fr\/index.php\/wp-json\/wp\/v2\/pages\/29\/revisions\/935"}],"wp:attachment":[{"href":"http:\/\/campinglepetitboiscantal.fr\/index.php\/wp-json\/wp\/v2\/media?parent=29"}],"curies":[{"name":"wp","href":"https:\/\/api.w.org\/{rel}","templated":true}]}}