{"id":31,"date":"2023-04-20T11:23:08","date_gmt":"2023-04-20T09:23:08","guid":{"rendered":"http:\/\/campinglepetitboiscantal.fr\/?page_id=31"},"modified":"2026-03-18T10:02:30","modified_gmt":"2026-03-18T09:02:30","slug":"services-et-equipements","status":"publish","type":"page","link":"http:\/\/campinglepetitboiscantal.fr\/index.php\/services-et-equipements\/","title":{"rendered":"Services et \u00e9quipements"},"content":{"rendered":"\t\t<div data-elementor-type=\"wp-page\" data-elementor-id=\"31\" class=\"elementor elementor-31\">\n\t\t\t\t\t\t\t\t\t<section class=\"elementor-section elementor-top-section elementor-element elementor-element-2cf4694 elementor-section-boxed elementor-section-height-default elementor-section-height-default\" data-id=\"2cf4694\" data-element_type=\"section\">\n\t\t\t\t\t\t<div class=\"elementor-container elementor-column-gap-default\">\n\t\t\t\t\t<div class=\"elementor-column elementor-col-100 elementor-top-column elementor-element elementor-element-451fba3\" data-id=\"451fba3\" data-element_type=\"column\">\n\t\t\t<div class=\"elementor-widget-wrap elementor-element-populated\">\n\t\t\t\t\t\t\t\t<div class=\"elementor-element elementor-element-d124f3d elementor-widget elementor-widget-heading\" data-id=\"d124f3d\" data-element_type=\"widget\" data-widget_type=\"heading.default\">\n\t\t\t\t<div class=\"elementor-widget-container\">\n\t\t\t<style>\/*! elementor - v3.15.0 - 20-08-2023 *\/\n.elementor-heading-title{padding:0;margin:0;line-height:1}.elementor-widget-heading .elementor-heading-title[class*=elementor-size-]>a{color:inherit;font-size:inherit;line-height:inherit}.elementor-widget-heading .elementor-heading-title.elementor-size-small{font-size:15px}.elementor-widget-heading .elementor-heading-title.elementor-size-medium{font-size:19px}.elementor-widget-heading .elementor-heading-title.elementor-size-large{font-size:29px}.elementor-widget-heading .elementor-heading-title.elementor-size-xl{font-size:39px}.elementor-widget-heading .elementor-heading-title.elementor-size-xxl{font-size:59px}<\/style><h2 class=\"elementor-heading-title elementor-size-default\">DES SERVICES 3 \u00c9TOILES<\/h2>\t\t<\/div>\n\t\t\t\t<\/div>\n\t\t\t\t<div class=\"elementor-element elementor-element-f130dce elementor-widget elementor-widget-heading\" data-id=\"f130dce\" data-element_type=\"widget\" data-widget_type=\"heading.default\">\n\t\t\t\t<div class=\"elementor-widget-container\">\n\t\t\t<h2 class=\"elementor-heading-title elementor-size-default\">POUR DES VACANCES SANS CONTRAINTE<\/h2>\t\t<\/div>\n\t\t\t\t<\/div>\n\t\t\t\t\t<\/div>\n\t\t<\/div>\n\t\t\t\t\t\t\t<\/div>\n\t\t<\/section>\n\t\t\t\t<section class=\"elementor-section elementor-top-section elementor-element elementor-element-15697a85 elementor-section-content-middle elementor-section-full_width elementor-reverse-mobile elementor-reverse-tablet elementor-section-height-default elementor-section-height-default\" data-id=\"15697a85\" data-element_type=\"section\" data-settings=\"{&quot;background_background&quot;:&quot;classic&quot;}\">\n\t\t\t\t\t\t<div class=\"elementor-container elementor-column-gap-no\">\n\t\t\t\t\t<div class=\"elementor-column elementor-col-50 elementor-top-column elementor-element elementor-element-776434cf\" data-id=\"776434cf\" data-element_type=\"column\">\n\t\t\t<div class=\"elementor-widget-wrap elementor-element-populated\">\n\t\t\t\t\t\t\t\t<div class=\"elementor-element elementor-element-1f185e31 elementor-widget elementor-widget-image\" data-id=\"1f185e31\" data-element_type=\"widget\" data-widget_type=\"image.default\">\n\t\t\t\t<div class=\"elementor-widget-container\">\n\t\t\t<style>\/*! elementor - v3.15.0 - 20-08-2023 *\/\n.elementor-widget-image{text-align:center}.elementor-widget-image a{display:inline-block}.elementor-widget-image a img[src$=\".svg\"]{width:48px}.elementor-widget-image img{vertical-align:middle;display:inline-block}<\/style>\t\t\t\t\t\t\t\t\t\t\t\t<img loading=\"lazy\" decoding=\"async\" width=\"1024\" height=\"683\" src=\"http:\/\/campinglepetitboiscantal.fr\/wp-content\/uploads\/2023\/05\/city-et-aire-de-jeux-1024x683.jpg\" class=\"attachment-large size-large wp-image-389\" alt=\"city et aire de jeux\" srcset=\"http:\/\/campinglepetitboiscantal.fr\/wp-content\/uploads\/2023\/05\/city-et-aire-de-jeux-1024x683.jpg 1024w, http:\/\/campinglepetitboiscantal.fr\/wp-content\/uploads\/2023\/05\/city-et-aire-de-jeux-300x200.jpg 300w, http:\/\/campinglepetitboiscantal.fr\/wp-content\/uploads\/2023\/05\/city-et-aire-de-jeux-768x512.jpg 768w, http:\/\/campinglepetitboiscantal.fr\/wp-content\/uploads\/2023\/05\/city-et-aire-de-jeux-1536x1024.jpg 1536w, http:\/\/campinglepetitboiscantal.fr\/wp-content\/uploads\/2023\/05\/city-et-aire-de-jeux-2048x1365.jpg 2048w\" sizes=\"auto, (max-width: 1024px) 100vw, 1024px\" \/>\t\t\t\t\t\t\t\t\t\t\t\t\t\t\t<\/div>\n\t\t\t\t<\/div>\n\t\t\t\t\t<\/div>\n\t\t<\/div>\n\t\t\t\t<div class=\"elementor-column elementor-col-50 elementor-top-column elementor-element elementor-element-32db1bb4\" data-id=\"32db1bb4\" data-element_type=\"column\">\n\t\t\t<div class=\"elementor-widget-wrap elementor-element-populated\">\n\t\t\t\t\t\t\t\t<div class=\"elementor-element elementor-element-4440ed6b elementor-widget elementor-widget-heading\" data-id=\"4440ed6b\" data-element_type=\"widget\" data-widget_type=\"heading.default\">\n\t\t\t\t<div class=\"elementor-widget-container\">\n\t\t\t<h1 class=\"elementor-heading-title elementor-size-default\">Sur place<\/h1>\t\t<\/div>\n\t\t\t\t<\/div>\n\t\t\t\t<div class=\"elementor-element elementor-element-7fd7c347 elementor-widget elementor-widget-text-editor\" data-id=\"7fd7c347\" data-element_type=\"widget\" data-widget_type=\"text-editor.default\">\n\t\t\t\t<div class=\"elementor-widget-container\">\n\t\t\t<style>\/*! elementor - v3.15.0 - 20-08-2023 *\/\n.elementor-widget-text-editor.elementor-drop-cap-view-stacked .elementor-drop-cap{background-color:#69727d;color:#fff}.elementor-widget-text-editor.elementor-drop-cap-view-framed .elementor-drop-cap{color:#69727d;border:3px solid;background-color:transparent}.elementor-widget-text-editor:not(.elementor-drop-cap-view-default) .elementor-drop-cap{margin-top:8px}.elementor-widget-text-editor:not(.elementor-drop-cap-view-default) .elementor-drop-cap-letter{width:1em;height:1em}.elementor-widget-text-editor .elementor-drop-cap{float:left;text-align:center;line-height:1;font-size:50px}.elementor-widget-text-editor .elementor-drop-cap-letter{display:inline-block}<\/style>\t\t\t\t<ul><li>D\u00e9p\u00f4t de pain (sauf le lundi)<\/li><li>Connexion wifi gratuite \u00e0 l&rsquo;accueil<\/li><li>Camping accessible PMR<\/li><li>Camping labellis\u00e9 ACCUEIL VELO, sur le trac\u00e9 de la <a href=\"https:\/\/www.la-gtmc.com\/\" target=\"_blank\" rel=\"noopener\">Grande Travers\u00e9e du Massif Central<\/a>, vous pouvez visualiser l&rsquo;\u00e9tape entre\u00a0<a href=\"https:\/\/www.francevelotourisme.com\/widget\/etape\/417?poi=bce99616-a3a7-5aa4-8f6c-08d7f8b45372&amp;btsite=Voir%20le%20site%20officiel&amp;btetape=D%C3%A9tails%20de%20l%27%C3%A9tape\" target=\"_blank\" rel=\"noopener\">Chalinargues et Ruynes en Margeride<\/a><\/li><li><span style=\"font-size: 15px; letter-spacing: 0px; word-spacing: 0em;\">Distributeur boissons fra\u00eeches \/ chaudes et petits encas<\/span><\/li><li>Sur place : institut de beaut\u00e9 \u00ab\u00a0La Petite Corse\u00a0\u00bb pour une pause beaut\u00e9 ou bien-\u00eatre pendant votre s\u00e9jour\u00a0<\/li><li>Salle de t\u00e9l\u00e9vision<\/li><li>Barbecue collectif<\/li><li>Table de ping-pong<\/li><li>2 terrains de jeux<\/li><li>Ch\u00e8ques ANCV accept\u00e9s<\/li><li>Paiement en CB possible<\/li><li>Site de vidange pour camping-cars gratuit\u00a0<\/li><\/ul>\t\t\t\t\t\t<\/div>\n\t\t\t\t<\/div>\n\t\t\t\t\t<\/div>\n\t\t<\/div>\n\t\t\t\t\t\t\t<\/div>\n\t\t<\/section>\n\t\t\t\t<section class=\"elementor-section elementor-top-section elementor-element elementor-element-ab37310 elementor-section-content-middle elementor-section-full_width elementor-reverse-mobile elementor-reverse-tablet elementor-section-height-default elementor-section-height-default\" data-id=\"ab37310\" data-element_type=\"section\" data-settings=\"{&quot;background_background&quot;:&quot;classic&quot;}\">\n\t\t\t\t\t\t<div class=\"elementor-container elementor-column-gap-no\">\n\t\t\t\t\t<div class=\"elementor-column elementor-col-50 elementor-top-column elementor-element elementor-element-ea70a03\" data-id=\"ea70a03\" data-element_type=\"column\">\n\t\t\t<div class=\"elementor-widget-wrap elementor-element-populated\">\n\t\t\t\t\t\t\t\t<div class=\"elementor-element elementor-element-9f7fa9b elementor-widget elementor-widget-heading\" data-id=\"9f7fa9b\" data-element_type=\"widget\" data-widget_type=\"heading.default\">\n\t\t\t\t<div class=\"elementor-widget-container\">\n\t\t\t<h1 class=\"elementor-heading-title elementor-size-default\">Sanitaire & espace laverie<\/h1>\t\t<\/div>\n\t\t\t\t<\/div>\n\t\t\t\t<div class=\"elementor-element elementor-element-736d0e0 elementor-widget elementor-widget-text-editor\" data-id=\"736d0e0\" data-element_type=\"widget\" data-widget_type=\"text-editor.default\">\n\t\t\t\t<div class=\"elementor-widget-container\">\n\t\t\t\t\t\t\t<ul>\n<li>Espace buanderie (lave-linge, s\u00e8che-linge et pr\u00eat de table et&nbsp; de fer \u00e0 repasser)<\/li>\n<li>Equipements b\u00e9b\u00e9 (pr\u00eat de lit parapluie, chaise haute et baignoire)<\/li>\n<li>Sanitaires avec cabines individuelles (s\u00e8che-cheveux \u00e0 disposition \u00e0 l&rsquo;accueil)<\/li>\n<\/ul>\t\t\t\t\t\t<\/div>\n\t\t\t\t<\/div>\n\t\t\t\t\t<\/div>\n\t\t<\/div>\n\t\t\t\t<div class=\"elementor-column elementor-col-50 elementor-top-column elementor-element elementor-element-e2febc1\" data-id=\"e2febc1\" data-element_type=\"column\">\n\t\t\t<div class=\"elementor-widget-wrap elementor-element-populated\">\n\t\t\t\t\t\t\t\t<div class=\"elementor-element elementor-element-602285e elementor-widget elementor-widget-image\" data-id=\"602285e\" data-element_type=\"widget\" data-widget_type=\"image.default\">\n\t\t\t\t<div class=\"elementor-widget-container\">\n\t\t\t\t\t\t\t\t\t\t\t\t\t\t\t<img loading=\"lazy\" decoding=\"async\" width=\"1024\" height=\"683\" src=\"http:\/\/campinglepetitboiscantal.fr\/wp-content\/uploads\/2023\/05\/sanitaires-1-1024x683.jpg\" class=\"attachment-large size-large wp-image-391\" alt=\"\" srcset=\"http:\/\/campinglepetitboiscantal.fr\/wp-content\/uploads\/2023\/05\/sanitaires-1-1024x683.jpg 1024w, http:\/\/campinglepetitboiscantal.fr\/wp-content\/uploads\/2023\/05\/sanitaires-1-300x200.jpg 300w, http:\/\/campinglepetitboiscantal.fr\/wp-content\/uploads\/2023\/05\/sanitaires-1-768x512.jpg 768w, http:\/\/campinglepetitboiscantal.fr\/wp-content\/uploads\/2023\/05\/sanitaires-1-1536x1024.jpg 1536w, http:\/\/campinglepetitboiscantal.fr\/wp-content\/uploads\/2023\/05\/sanitaires-1-2048x1365.jpg 2048w\" sizes=\"auto, (max-width: 1024px) 100vw, 1024px\" \/>\t\t\t\t\t\t\t\t\t\t\t\t\t\t\t<\/div>\n\t\t\t\t<\/div>\n\t\t\t\t\t<\/div>\n\t\t<\/div>\n\t\t\t\t\t\t\t<\/div>\n\t\t<\/section>\n\t\t\t\t<section class=\"elementor-section elementor-top-section elementor-element elementor-element-ed37117 elementor-section-content-middle elementor-section-full_width elementor-reverse-mobile elementor-reverse-tablet elementor-section-height-default elementor-section-height-default\" data-id=\"ed37117\" data-element_type=\"section\" data-settings=\"{&quot;background_background&quot;:&quot;classic&quot;}\">\n\t\t\t\t\t\t<div class=\"elementor-container elementor-column-gap-no\">\n\t\t\t\t\t<div class=\"elementor-column elementor-col-50 elementor-top-column elementor-element elementor-element-cc98b1e\" data-id=\"cc98b1e\" data-element_type=\"column\">\n\t\t\t<div class=\"elementor-widget-wrap elementor-element-populated\">\n\t\t\t\t\t\t\t\t<div class=\"elementor-element elementor-element-248ef00 elementor-widget elementor-widget-image\" data-id=\"248ef00\" data-element_type=\"widget\" data-widget_type=\"image.default\">\n\t\t\t\t<div class=\"elementor-widget-container\">\n\t\t\t\t\t\t\t\t\t\t\t\t\t\t\t<img loading=\"lazy\" decoding=\"async\" width=\"1024\" height=\"768\" src=\"http:\/\/campinglepetitboiscantal.fr\/wp-content\/uploads\/2023\/05\/66659cab-bfb3-408b-ad28-2eaab88218e9-1024x768.jpg\" class=\"attachment-large size-large wp-image-392\" alt=\"\" srcset=\"http:\/\/campinglepetitboiscantal.fr\/wp-content\/uploads\/2023\/05\/66659cab-bfb3-408b-ad28-2eaab88218e9-1024x768.jpg 1024w, http:\/\/campinglepetitboiscantal.fr\/wp-content\/uploads\/2023\/05\/66659cab-bfb3-408b-ad28-2eaab88218e9-300x225.jpg 300w, http:\/\/campinglepetitboiscantal.fr\/wp-content\/uploads\/2023\/05\/66659cab-bfb3-408b-ad28-2eaab88218e9-768x576.jpg 768w, http:\/\/campinglepetitboiscantal.fr\/wp-content\/uploads\/2023\/05\/66659cab-bfb3-408b-ad28-2eaab88218e9-1536x1152.jpg 1536w, http:\/\/campinglepetitboiscantal.fr\/wp-content\/uploads\/2023\/05\/66659cab-bfb3-408b-ad28-2eaab88218e9.jpg 1600w\" sizes=\"auto, (max-width: 1024px) 100vw, 1024px\" \/>\t\t\t\t\t\t\t\t\t\t\t\t\t\t\t<\/div>\n\t\t\t\t<\/div>\n\t\t\t\t\t<\/div>\n\t\t<\/div>\n\t\t\t\t<div class=\"elementor-column elementor-col-50 elementor-top-column elementor-element elementor-element-77ce7f3\" data-id=\"77ce7f3\" data-element_type=\"column\">\n\t\t\t<div class=\"elementor-widget-wrap elementor-element-populated\">\n\t\t\t\t\t\t\t\t<div class=\"elementor-element elementor-element-bff001d elementor-widget elementor-widget-heading\" data-id=\"bff001d\" data-element_type=\"widget\" data-widget_type=\"heading.default\">\n\t\t\t\t<div class=\"elementor-widget-container\">\n\t\t\t<h1 class=\"elementor-heading-title elementor-size-default\">Au village de Ruynes<\/h1>\t\t<\/div>\n\t\t\t\t<\/div>\n\t\t\t\t<div class=\"elementor-element elementor-element-bcb5c2e elementor-widget elementor-widget-text-editor\" data-id=\"bcb5c2e\" data-element_type=\"widget\" data-widget_type=\"text-editor.default\">\n\t\t\t\t<div class=\"elementor-widget-container\">\n\t\t\t\t\t\t\t<ul>\n<li>5 parking gratuits<\/li>\n<li>Distributeur automatique de billets<\/li>\n<li>Commerces de premi\u00e8re n\u00e9cessit\u00e9 (boulangerie, \u00e9picerie, pharmacie, caf\u00e9s, carburants, tabac et 1 restaurant \u00e0 moins de 500 m ouvert uniquement le midi).&nbsp;<\/li>\n<li>Cabinet m\u00e9dical<\/li>\n<li>Piscine municipale \u00e0 50 m ouvert du 5 juillet au 31 ao\u00fbt 2026 (payant)<\/li>\n<li>Tennis \u00e0 400 m<\/li>\n<li>Mini-golf \u00e0 500 m<\/li>\n<li>Aire de jeux &#8211; city sport \u00e0 100 m<\/li>\n<li>March\u00e9 le dimanche matin<\/li>\n<\/ul>\t\t\t\t\t\t<\/div>\n\t\t\t\t<\/div>\n\t\t\t\t\t<\/div>\n\t\t<\/div>\n\t\t\t\t\t\t\t<\/div>\n\t\t<\/section>\n\t\t\t\t<section class=\"elementor-section elementor-top-section elementor-element elementor-element-bf2a18b elementor-section-boxed elementor-section-height-default elementor-section-height-default\" data-id=\"bf2a18b\" data-element_type=\"section\">\n\t\t\t\t\t\t<div class=\"elementor-container elementor-column-gap-default\">\n\t\t\t\t\t<div class=\"elementor-column elementor-col-100 elementor-top-column elementor-element elementor-element-2812bda\" data-id=\"2812bda\" data-element_type=\"column\">\n\t\t\t<div class=\"elementor-widget-wrap elementor-element-populated\">\n\t\t\t\t\t\t\t\t<div class=\"elementor-element elementor-element-dc2335d elementor-widget elementor-widget-spacer\" data-id=\"dc2335d\" data-element_type=\"widget\" data-widget_type=\"spacer.default\">\n\t\t\t\t<div class=\"elementor-widget-container\">\n\t\t\t<style>\/*! elementor - v3.15.0 - 20-08-2023 *\/\n.elementor-column .elementor-spacer-inner{height:var(--spacer-size)}.e-con{--container-widget-width:100%}.e-con-inner>.elementor-widget-spacer,.e-con>.elementor-widget-spacer{width:var(--container-widget-width,var(--spacer-size));--align-self:var(--container-widget-align-self,initial);--flex-shrink:0}.e-con-inner>.elementor-widget-spacer>.elementor-widget-container,.e-con-inner>.elementor-widget-spacer>.elementor-widget-container>.elementor-spacer,.e-con>.elementor-widget-spacer>.elementor-widget-container,.e-con>.elementor-widget-spacer>.elementor-widget-container>.elementor-spacer{height:100%}.e-con-inner>.elementor-widget-spacer>.elementor-widget-container>.elementor-spacer>.elementor-spacer-inner,.e-con>.elementor-widget-spacer>.elementor-widget-container>.elementor-spacer>.elementor-spacer-inner{height:var(--container-widget-height,var(--spacer-size))}<\/style>\t\t<div class=\"elementor-spacer\">\n\t\t\t<div class=\"elementor-spacer-inner\"><\/div>\n\t\t<\/div>\n\t\t\t\t<\/div>\n\t\t\t\t<\/div>\n\t\t\t\t\t<\/div>\n\t\t<\/div>\n\t\t\t\t\t\t\t<\/div>\n\t\t<\/section>\n\t\t\t\t\t\t\t<\/div>\n\t\t","protected":false},"excerpt":{"rendered":"<p>DES SERVICES 3 \u00c9TOILES POUR DES VACANCES SANS CONTRAINTE Sur place D\u00e9p\u00f4t de pain (sauf le lundi) Connexion wifi gratuite \u00e0 l&rsquo;accueil Camping accessible PMR Camping labellis\u00e9 ACCUEIL VELO, sur le trac\u00e9 de la Grande Travers\u00e9e du Massif Central, vous pouvez visualiser l&rsquo;\u00e9tape entre\u00a0Chalinargues et Ruynes en Margeride Distributeur boissons fra\u00eeches \/ chaudes et petits [&hellip;]<\/p>\n","protected":false},"author":1,"featured_media":0,"parent":0,"menu_order":0,"comment_status":"closed","ping_status":"closed","template":"","meta":{"footnotes":""},"class_list":["post-31","page","type-page","status-publish","hentry","entry"],"yoast_head":"<!-- This site is optimized with the Yoast SEO plugin v20.13 - https:\/\/yoast.com\/wordpress\/plugins\/seo\/ -->\n<title>Services et \u00e9quipements - Le petit bois<\/title>\n<meta name=\"robots\" content=\"index, follow, max-snippet:-1, max-image-preview:large, max-video-preview:-1\" \/>\n<link rel=\"canonical\" href=\"https:\/\/campinglepetitboiscantal.fr\/index.php\/services-et-equipements\/\" \/>\n<meta property=\"og:locale\" content=\"fr_FR\" \/>\n<meta property=\"og:type\" content=\"article\" \/>\n<meta property=\"og:title\" content=\"Services et \u00e9quipements - Le petit bois\" \/>\n<meta property=\"og:description\" content=\"DES SERVICES 3 \u00c9TOILES POUR DES VACANCES SANS CONTRAINTE Sur place D\u00e9p\u00f4t de pain (sauf le lundi) Connexion wifi gratuite \u00e0 l&rsquo;accueil Camping accessible PMR Camping labellis\u00e9 ACCUEIL VELO, sur le trac\u00e9 de la Grande Travers\u00e9e du Massif Central, vous pouvez visualiser l&rsquo;\u00e9tape entre\u00a0Chalinargues et Ruynes en Margeride Distributeur boissons fra\u00eeches \/ chaudes et petits [&hellip;]\" \/>\n<meta property=\"og:url\" content=\"https:\/\/campinglepetitboiscantal.fr\/index.php\/services-et-equipements\/\" \/>\n<meta property=\"og:site_name\" content=\"Le petit bois\" \/>\n<meta property=\"article:modified_time\" content=\"2026-03-18T09:02:30+00:00\" \/>\n<meta property=\"og:image\" content=\"http:\/\/campinglepetitboiscantal.fr\/wp-content\/uploads\/2023\/05\/city-et-aire-de-jeux-1024x683.jpg\" \/>\n<meta name=\"twitter:card\" content=\"summary_large_image\" \/>\n<meta name=\"twitter:label1\" content=\"Dur\u00e9e de lecture estim\u00e9e\" \/>\n\t<meta name=\"twitter:data1\" content=\"2 minutes\" \/>\n<script type=\"application\/ld+json\" class=\"yoast-schema-graph\">{\"@context\":\"https:\/\/schema.org\",\"@graph\":[{\"@type\":\"WebPage\",\"@id\":\"https:\/\/campinglepetitboiscantal.fr\/index.php\/services-et-equipements\/\",\"url\":\"https:\/\/campinglepetitboiscantal.fr\/index.php\/services-et-equipements\/\",\"name\":\"Services et \u00e9quipements - Le petit bois\",\"isPartOf\":{\"@id\":\"https:\/\/campinglepetitboiscantal.fr\/#website\"},\"datePublished\":\"2023-04-20T09:23:08+00:00\",\"dateModified\":\"2026-03-18T09:02:30+00:00\",\"breadcrumb\":{\"@id\":\"https:\/\/campinglepetitboiscantal.fr\/index.php\/services-et-equipements\/#breadcrumb\"},\"inLanguage\":\"fr-FR\",\"potentialAction\":[{\"@type\":\"ReadAction\",\"target\":[\"https:\/\/campinglepetitboiscantal.fr\/index.php\/services-et-equipements\/\"]}]},{\"@type\":\"BreadcrumbList\",\"@id\":\"https:\/\/campinglepetitboiscantal.fr\/index.php\/services-et-equipements\/#breadcrumb\",\"itemListElement\":[{\"@type\":\"ListItem\",\"position\":1,\"name\":\"Accueil\",\"item\":\"https:\/\/campinglepetitboiscantal.fr\/\"},{\"@type\":\"ListItem\",\"position\":2,\"name\":\"Services et \u00e9quipements\"}]},{\"@type\":\"WebSite\",\"@id\":\"https:\/\/campinglepetitboiscantal.fr\/#website\",\"url\":\"https:\/\/campinglepetitboiscantal.fr\/\",\"name\":\"Le petit bois\",\"description\":\"Un site utilisant WordPress\",\"publisher\":{\"@id\":\"https:\/\/campinglepetitboiscantal.fr\/#organization\"},\"potentialAction\":[{\"@type\":\"SearchAction\",\"target\":{\"@type\":\"EntryPoint\",\"urlTemplate\":\"https:\/\/campinglepetitboiscantal.fr\/?s={search_term_string}\"},\"query-input\":\"required name=search_term_string\"}],\"inLanguage\":\"fr-FR\"},{\"@type\":\"Organization\",\"@id\":\"https:\/\/campinglepetitboiscantal.fr\/#organization\",\"name\":\"Le petit bois\",\"url\":\"https:\/\/campinglepetitboiscantal.fr\/\",\"logo\":{\"@type\":\"ImageObject\",\"inLanguage\":\"fr-FR\",\"@id\":\"https:\/\/campinglepetitboiscantal.fr\/#\/schema\/logo\/image\/\",\"url\":\"http:\/\/campinglepetitboiscantal.fr\/wp-content\/uploads\/2023\/04\/cropped-logoruynes.png\",\"contentUrl\":\"http:\/\/campinglepetitboiscantal.fr\/wp-content\/uploads\/2023\/04\/cropped-logoruynes.png\",\"width\":675,\"height\":330,\"caption\":\"Le petit bois\"},\"image\":{\"@id\":\"https:\/\/campinglepetitboiscantal.fr\/#\/schema\/logo\/image\/\"}}]}<\/script>\n<!-- \/ Yoast SEO plugin. -->","yoast_head_json":{"title":"Services et \u00e9quipements - Le petit bois","robots":{"index":"index","follow":"follow","max-snippet":"max-snippet:-1","max-image-preview":"max-image-preview:large","max-video-preview":"max-video-preview:-1"},"canonical":"https:\/\/campinglepetitboiscantal.fr\/index.php\/services-et-equipements\/","og_locale":"fr_FR","og_type":"article","og_title":"Services et \u00e9quipements - Le petit bois","og_description":"DES SERVICES 3 \u00c9TOILES POUR DES VACANCES SANS CONTRAINTE Sur place D\u00e9p\u00f4t de pain (sauf le lundi) Connexion wifi gratuite \u00e0 l&rsquo;accueil Camping accessible PMR Camping labellis\u00e9 ACCUEIL VELO, sur le trac\u00e9 de la Grande Travers\u00e9e du Massif Central, vous pouvez visualiser l&rsquo;\u00e9tape entre\u00a0Chalinargues et Ruynes en Margeride Distributeur boissons fra\u00eeches \/ chaudes et petits [&hellip;]","og_url":"https:\/\/campinglepetitboiscantal.fr\/index.php\/services-et-equipements\/","og_site_name":"Le petit bois","article_modified_time":"2026-03-18T09:02:30+00:00","og_image":[{"url":"http:\/\/campinglepetitboiscantal.fr\/wp-content\/uploads\/2023\/05\/city-et-aire-de-jeux-1024x683.jpg"}],"twitter_card":"summary_large_image","twitter_misc":{"Dur\u00e9e de lecture estim\u00e9e":"2 minutes"},"schema":{"@context":"https:\/\/schema.org","@graph":[{"@type":"WebPage","@id":"https:\/\/campinglepetitboiscantal.fr\/index.php\/services-et-equipements\/","url":"https:\/\/campinglepetitboiscantal.fr\/index.php\/services-et-equipements\/","name":"Services et \u00e9quipements - Le petit bois","isPartOf":{"@id":"https:\/\/campinglepetitboiscantal.fr\/#website"},"datePublished":"2023-04-20T09:23:08+00:00","dateModified":"2026-03-18T09:02:30+00:00","breadcrumb":{"@id":"https:\/\/campinglepetitboiscantal.fr\/index.php\/services-et-equipements\/#breadcrumb"},"inLanguage":"fr-FR","potentialAction":[{"@type":"ReadAction","target":["https:\/\/campinglepetitboiscantal.fr\/index.php\/services-et-equipements\/"]}]},{"@type":"BreadcrumbList","@id":"https:\/\/campinglepetitboiscantal.fr\/index.php\/services-et-equipements\/#breadcrumb","itemListElement":[{"@type":"ListItem","position":1,"name":"Accueil","item":"https:\/\/campinglepetitboiscantal.fr\/"},{"@type":"ListItem","position":2,"name":"Services et \u00e9quipements"}]},{"@type":"WebSite","@id":"https:\/\/campinglepetitboiscantal.fr\/#website","url":"https:\/\/campinglepetitboiscantal.fr\/","name":"Le petit bois","description":"Un site utilisant WordPress","publisher":{"@id":"https:\/\/campinglepetitboiscantal.fr\/#organization"},"potentialAction":[{"@type":"SearchAction","target":{"@type":"EntryPoint","urlTemplate":"https:\/\/campinglepetitboiscantal.fr\/?s={search_term_string}"},"query-input":"required name=search_term_string"}],"inLanguage":"fr-FR"},{"@type":"Organization","@id":"https:\/\/campinglepetitboiscantal.fr\/#organization","name":"Le petit bois","url":"https:\/\/campinglepetitboiscantal.fr\/","logo":{"@type":"ImageObject","inLanguage":"fr-FR","@id":"https:\/\/campinglepetitboiscantal.fr\/#\/schema\/logo\/image\/","url":"http:\/\/campinglepetitboiscantal.fr\/wp-content\/uploads\/2023\/04\/cropped-logoruynes.png","contentUrl":"http:\/\/campinglepetitboiscantal.fr\/wp-content\/uploads\/2023\/04\/cropped-logoruynes.png","width":675,"height":330,"caption":"Le petit bois"},"image":{"@id":"https:\/\/campinglepetitboiscantal.fr\/#\/schema\/logo\/image\/"}}]}},"_links":{"self":[{"href":"http:\/\/campinglepetitboiscantal.fr\/index.php\/wp-json\/wp\/v2\/pages\/31","targetHints":{"allow":["GET"]}}],"collection":[{"href":"http:\/\/campinglepetitboiscantal.fr\/index.php\/wp-json\/wp\/v2\/pages"}],"about":[{"href":"http:\/\/campinglepetitboiscantal.fr\/index.php\/wp-json\/wp\/v2\/types\/page"}],"author":[{"embeddable":true,"href":"http:\/\/campinglepetitboiscantal.fr\/index.php\/wp-json\/wp\/v2\/users\/1"}],"replies":[{"embeddable":true,"href":"http:\/\/campinglepetitboiscantal.fr\/index.php\/wp-json\/wp\/v2\/comments?post=31"}],"version-history":[{"count":88,"href":"http:\/\/campinglepetitboiscantal.fr\/index.php\/wp-json\/wp\/v2\/pages\/31\/revisions"}],"predecessor-version":[{"id":945,"href":"http:\/\/campinglepetitboiscantal.fr\/index.php\/wp-json\/wp\/v2\/pages\/31\/revisions\/945"}],"wp:attachment":[{"href":"http:\/\/campinglepetitboiscantal.fr\/index.php\/wp-json\/wp\/v2\/media?parent=31"}],"curies":[{"name":"wp","href":"https:\/\/api.w.org\/{rel}","templated":true}]}}