{"id":39,"date":"2023-04-25T16:37:45","date_gmt":"2023-04-25T14:37:45","guid":{"rendered":"https:\/\/campinglepetitboiscantal.fr\/?page_id=39"},"modified":"2023-05-09T21:39:10","modified_gmt":"2023-05-09T19:39:10","slug":"mentions-legales","status":"publish","type":"page","link":"https:\/\/campinglepetitboiscantal.fr\/index.php\/mentions-legales\/","title":{"rendered":"Mentions l\u00e9gales"},"content":{"rendered":"\t\t<div data-elementor-type=\"wp-page\" data-elementor-id=\"39\" class=\"elementor elementor-39\">\n\t\t\t\t\t\t\t\t\t<section class=\"elementor-section elementor-top-section elementor-element elementor-element-1a5dd23 elementor-section-boxed elementor-section-height-default elementor-section-height-default\" data-id=\"1a5dd23\" data-element_type=\"section\">\n\t\t\t\t\t\t<div class=\"elementor-container elementor-column-gap-default\">\n\t\t\t\t\t<div class=\"elementor-column elementor-col-100 elementor-top-column elementor-element elementor-element-2107204\" data-id=\"2107204\" data-element_type=\"column\">\n\t\t\t<div class=\"elementor-widget-wrap elementor-element-populated\">\n\t\t\t\t\t\t\t\t<div class=\"elementor-element elementor-element-79f1006 elementor-widget elementor-widget-heading\" data-id=\"79f1006\" data-element_type=\"widget\" data-widget_type=\"heading.default\">\n\t\t\t\t<div class=\"elementor-widget-container\">\n\t\t\t<style>\/*! elementor - v3.15.0 - 20-08-2023 *\/\n.elementor-heading-title{padding:0;margin:0;line-height:1}.elementor-widget-heading .elementor-heading-title[class*=elementor-size-]>a{color:inherit;font-size:inherit;line-height:inherit}.elementor-widget-heading .elementor-heading-title.elementor-size-small{font-size:15px}.elementor-widget-heading .elementor-heading-title.elementor-size-medium{font-size:19px}.elementor-widget-heading .elementor-heading-title.elementor-size-large{font-size:29px}.elementor-widget-heading .elementor-heading-title.elementor-size-xl{font-size:39px}.elementor-widget-heading .elementor-heading-title.elementor-size-xxl{font-size:59px}<\/style><h2 class=\"elementor-heading-title elementor-size-default\">MENTIONS L\u00c9GALES<\/h2>\t\t<\/div>\n\t\t\t\t<\/div>\n\t\t\t\t\t<\/div>\n\t\t<\/div>\n\t\t\t\t\t\t\t<\/div>\n\t\t<\/section>\n\t\t\t\t<section class=\"elementor-section elementor-top-section elementor-element elementor-element-defacc5 elementor-section-boxed elementor-section-height-default elementor-section-height-default\" data-id=\"defacc5\" data-element_type=\"section\">\n\t\t\t\t\t\t<div class=\"elementor-container elementor-column-gap-default\">\n\t\t\t\t\t<div class=\"elementor-column elementor-col-100 elementor-top-column elementor-element elementor-element-76b1b90\" data-id=\"76b1b90\" data-element_type=\"column\">\n\t\t\t<div class=\"elementor-widget-wrap elementor-element-populated\">\n\t\t\t\t\t\t\t\t<div class=\"elementor-element elementor-element-b1bc0fe elementor-widget elementor-widget-text-editor\" data-id=\"b1bc0fe\" data-element_type=\"widget\" data-widget_type=\"text-editor.default\">\n\t\t\t\t<div class=\"elementor-widget-container\">\n\t\t\t<style>\/*! elementor - v3.15.0 - 20-08-2023 *\/\n.elementor-widget-text-editor.elementor-drop-cap-view-stacked .elementor-drop-cap{background-color:#69727d;color:#fff}.elementor-widget-text-editor.elementor-drop-cap-view-framed .elementor-drop-cap{color:#69727d;border:3px solid;background-color:transparent}.elementor-widget-text-editor:not(.elementor-drop-cap-view-default) .elementor-drop-cap{margin-top:8px}.elementor-widget-text-editor:not(.elementor-drop-cap-view-default) .elementor-drop-cap-letter{width:1em;height:1em}.elementor-widget-text-editor .elementor-drop-cap{float:left;text-align:center;line-height:1;font-size:50px}.elementor-widget-text-editor .elementor-drop-cap-letter{display:inline-block}<\/style>\t\t\t\t<p><strong>\u00c9DITEUR DU SITE<\/strong><\/p><p>Camping Le Petit Bois<br \/>Le Bourg<br \/>15320 Ruynes-en-Margeride<br \/>T\u00e9l. : 04 71 23 42 26<br \/>Email : campinglepetitboiscantal@gmail.com<\/p><p><strong>R\u00c9ALISATION<\/strong><\/p><p>OVERSIZE COMMUNICATION<br \/>Repr\u00e9sent\u00e9e par Mme No\u00e9mie Delair en sa qualit\u00e9 de g\u00e9rante<br \/>Si\u00e8ge social\u00a0: 15000 AURILLAC<br \/>E-mail : oversizecommunication@gmail.com<br \/>Site web :\u00a0<u>https:\/\/www.oversizecommunication.fr<\/u><\/p><p><strong>DROITS D\u2019AUTEUR ET COPYRIGHT<\/strong><\/p><p>L\u2019ensemble du contenu de ce site d\u00e9pend du droit d\u2019auteur ainsi que de la propri\u00e9t\u00e9 intellectuelle de la l\u00e9gislation fran\u00e7aise. Toute reproduction (y compris les photos, les ic\u00f4nes et les documents t\u00e9l\u00e9chargables) est interdite sans accord pr\u00e9alable. La reproduction sur un support \u00e9lectronique de tout ou partie du site sur un format papier ou \u00e9lectronique est prohib\u00e9e.<\/p><p><strong>DONN\u00c9ES PERSONNELLES ET INFORMATIONS NOMINATIVES<\/strong><\/p><p>Vous disposez d\u2019un droit d\u2019acc\u00e8s, de modification, de rectification et de suppression des donn\u00e9es vous concernant selon l\u2019article 34 de la Loi \u00ab Informatique et Libert\u00e9s \u00bb n\u00b0 78-17 du 6 janvier 1978, modifi\u00e9e le 6 ao\u00fbt 2018. Pour d\u00e9ployer ce droit d\u2019acc\u00e8s, vous pouvez le faire sur simple demande \u00e9crite \u00e0 l\u2019\u00e9diteur du site.<\/p><p><strong>L\u00c9GISLATION<\/strong><\/p><p>Selon la loi du 11 mars 1957 (art. 41) et du code de la propri\u00e9t\u00e9 intellectuelle du 1er juillet 1992, Il est interdire de reproduire partiellement ou totalement une partie quel qu\u2019elle soit du site sans autorisation pr\u00e9alable de l\u2019\u00e9diteur du site. Les logos, visuels, photos, vid\u00e9os, chartes graphiques, textes sont la propri\u00e9t\u00e9 de leur d\u00e9tenteur respectif. Ce site peut, \u00e0 son insu, avoir \u00e9t\u00e9 reli\u00e9 \u00e0 d\u2019autres sites par le biais de liens hyperm\u00e9dia. L\u2019\u00e9diteur du site d\u00e9cline toute responsabilit\u00e9 pour les informations pr\u00e9sent\u00e9es sur ces autres sites. L\u2019internaute reconna\u00eet que l\u2019utilisation de ce site est r\u00e9gi par le droit fran\u00e7ais.<\/p><p>\u00a0<\/p>\t\t\t\t\t\t<\/div>\n\t\t\t\t<\/div>\n\t\t\t\t\t<\/div>\n\t\t<\/div>\n\t\t\t\t\t\t\t<\/div>\n\t\t<\/section>\n\t\t\t\t\t\t\t<\/div>\n\t\t","protected":false},"excerpt":{"rendered":"<p>MENTIONS L\u00c9GALES \u00c9DITEUR DU SITE Camping Le Petit BoisLe Bourg15320 Ruynes-en-MargerideT\u00e9l. : 04 71 23 42 26Email : campinglepetitboiscantal@gmail.com R\u00c9ALISATION OVERSIZE COMMUNICATIONRepr\u00e9sent\u00e9e par Mme No\u00e9mie Delair en sa qualit\u00e9 de g\u00e9ranteSi\u00e8ge social\u00a0: 15000 AURILLACE-mail : oversizecommunication@gmail.comSite web :\u00a0https:\/\/www.oversizecommunication.fr DROITS D\u2019AUTEUR ET COPYRIGHT L\u2019ensemble du contenu de ce site d\u00e9pend du droit d\u2019auteur ainsi que de [&hellip;]<\/p>\n","protected":false},"author":1,"featured_media":0,"parent":0,"menu_order":0,"comment_status":"closed","ping_status":"closed","template":"","meta":{"footnotes":""},"class_list":["post-39","page","type-page","status-publish","hentry","entry"],"yoast_head":"<!-- This site is optimized with the Yoast SEO plugin v20.13 - https:\/\/yoast.com\/wordpress\/plugins\/seo\/ -->\n<title>Mentions l\u00e9gales - Le petit bois<\/title>\n<meta name=\"robots\" content=\"index, follow, max-snippet:-1, max-image-preview:large, max-video-preview:-1\" \/>\n<link rel=\"canonical\" href=\"https:\/\/campinglepetitboiscantal.fr\/index.php\/mentions-legales\/\" \/>\n<meta property=\"og:locale\" content=\"fr_FR\" \/>\n<meta property=\"og:type\" content=\"article\" \/>\n<meta property=\"og:title\" content=\"Mentions l\u00e9gales - Le petit bois\" \/>\n<meta property=\"og:description\" content=\"MENTIONS L\u00c9GALES \u00c9DITEUR DU SITE Camping Le Petit BoisLe Bourg15320 Ruynes-en-MargerideT\u00e9l. : 04 71 23 42 26Email : campinglepetitboiscantal@gmail.com R\u00c9ALISATION OVERSIZE COMMUNICATIONRepr\u00e9sent\u00e9e par Mme No\u00e9mie Delair en sa qualit\u00e9 de g\u00e9ranteSi\u00e8ge social\u00a0: 15000 AURILLACE-mail : oversizecommunication@gmail.comSite web :\u00a0https:\/\/www.oversizecommunication.fr DROITS D\u2019AUTEUR ET COPYRIGHT L\u2019ensemble du contenu de ce site d\u00e9pend du droit d\u2019auteur ainsi que de [&hellip;]\" \/>\n<meta property=\"og:url\" content=\"https:\/\/campinglepetitboiscantal.fr\/index.php\/mentions-legales\/\" \/>\n<meta property=\"og:site_name\" content=\"Le petit bois\" \/>\n<meta property=\"article:modified_time\" content=\"2023-05-09T19:39:10+00:00\" \/>\n<meta name=\"twitter:card\" content=\"summary_large_image\" \/>\n<meta name=\"twitter:label1\" content=\"Dur\u00e9e de lecture estim\u00e9e\" \/>\n\t<meta name=\"twitter:data1\" content=\"2 minutes\" \/>\n<script type=\"application\/ld+json\" class=\"yoast-schema-graph\">{\"@context\":\"https:\/\/schema.org\",\"@graph\":[{\"@type\":\"WebPage\",\"@id\":\"https:\/\/campinglepetitboiscantal.fr\/index.php\/mentions-legales\/\",\"url\":\"https:\/\/campinglepetitboiscantal.fr\/index.php\/mentions-legales\/\",\"name\":\"Mentions l\u00e9gales - Le petit bois\",\"isPartOf\":{\"@id\":\"https:\/\/campinglepetitboiscantal.fr\/#website\"},\"datePublished\":\"2023-04-25T14:37:45+00:00\",\"dateModified\":\"2023-05-09T19:39:10+00:00\",\"breadcrumb\":{\"@id\":\"https:\/\/campinglepetitboiscantal.fr\/index.php\/mentions-legales\/#breadcrumb\"},\"inLanguage\":\"fr-FR\",\"potentialAction\":[{\"@type\":\"ReadAction\",\"target\":[\"https:\/\/campinglepetitboiscantal.fr\/index.php\/mentions-legales\/\"]}]},{\"@type\":\"BreadcrumbList\",\"@id\":\"https:\/\/campinglepetitboiscantal.fr\/index.php\/mentions-legales\/#breadcrumb\",\"itemListElement\":[{\"@type\":\"ListItem\",\"position\":1,\"name\":\"Accueil\",\"item\":\"https:\/\/campinglepetitboiscantal.fr\/\"},{\"@type\":\"ListItem\",\"position\":2,\"name\":\"Mentions l\u00e9gales\"}]},{\"@type\":\"WebSite\",\"@id\":\"https:\/\/campinglepetitboiscantal.fr\/#website\",\"url\":\"https:\/\/campinglepetitboiscantal.fr\/\",\"name\":\"Le petit bois\",\"description\":\"Un site utilisant WordPress\",\"publisher\":{\"@id\":\"https:\/\/campinglepetitboiscantal.fr\/#organization\"},\"potentialAction\":[{\"@type\":\"SearchAction\",\"target\":{\"@type\":\"EntryPoint\",\"urlTemplate\":\"https:\/\/campinglepetitboiscantal.fr\/?s={search_term_string}\"},\"query-input\":\"required name=search_term_string\"}],\"inLanguage\":\"fr-FR\"},{\"@type\":\"Organization\",\"@id\":\"https:\/\/campinglepetitboiscantal.fr\/#organization\",\"name\":\"Le petit bois\",\"url\":\"https:\/\/campinglepetitboiscantal.fr\/\",\"logo\":{\"@type\":\"ImageObject\",\"inLanguage\":\"fr-FR\",\"@id\":\"https:\/\/campinglepetitboiscantal.fr\/#\/schema\/logo\/image\/\",\"url\":\"https:\/\/campinglepetitboiscantal.fr\/wp-content\/uploads\/2023\/04\/cropped-logoruynes.png\",\"contentUrl\":\"https:\/\/campinglepetitboiscantal.fr\/wp-content\/uploads\/2023\/04\/cropped-logoruynes.png\",\"width\":675,\"height\":330,\"caption\":\"Le petit bois\"},\"image\":{\"@id\":\"https:\/\/campinglepetitboiscantal.fr\/#\/schema\/logo\/image\/\"}}]}<\/script>\n<!-- \/ Yoast SEO plugin. -->","yoast_head_json":{"title":"Mentions l\u00e9gales - Le petit bois","robots":{"index":"index","follow":"follow","max-snippet":"max-snippet:-1","max-image-preview":"max-image-preview:large","max-video-preview":"max-video-preview:-1"},"canonical":"https:\/\/campinglepetitboiscantal.fr\/index.php\/mentions-legales\/","og_locale":"fr_FR","og_type":"article","og_title":"Mentions l\u00e9gales - Le petit bois","og_description":"MENTIONS L\u00c9GALES \u00c9DITEUR DU SITE Camping Le Petit BoisLe Bourg15320 Ruynes-en-MargerideT\u00e9l. : 04 71 23 42 26Email : campinglepetitboiscantal@gmail.com R\u00c9ALISATION OVERSIZE COMMUNICATIONRepr\u00e9sent\u00e9e par Mme No\u00e9mie Delair en sa qualit\u00e9 de g\u00e9ranteSi\u00e8ge social\u00a0: 15000 AURILLACE-mail : oversizecommunication@gmail.comSite web :\u00a0https:\/\/www.oversizecommunication.fr DROITS D\u2019AUTEUR ET COPYRIGHT L\u2019ensemble du contenu de ce site d\u00e9pend du droit d\u2019auteur ainsi que de [&hellip;]","og_url":"https:\/\/campinglepetitboiscantal.fr\/index.php\/mentions-legales\/","og_site_name":"Le petit bois","article_modified_time":"2023-05-09T19:39:10+00:00","twitter_card":"summary_large_image","twitter_misc":{"Dur\u00e9e de lecture estim\u00e9e":"2 minutes"},"schema":{"@context":"https:\/\/schema.org","@graph":[{"@type":"WebPage","@id":"https:\/\/campinglepetitboiscantal.fr\/index.php\/mentions-legales\/","url":"https:\/\/campinglepetitboiscantal.fr\/index.php\/mentions-legales\/","name":"Mentions l\u00e9gales - Le petit bois","isPartOf":{"@id":"https:\/\/campinglepetitboiscantal.fr\/#website"},"datePublished":"2023-04-25T14:37:45+00:00","dateModified":"2023-05-09T19:39:10+00:00","breadcrumb":{"@id":"https:\/\/campinglepetitboiscantal.fr\/index.php\/mentions-legales\/#breadcrumb"},"inLanguage":"fr-FR","potentialAction":[{"@type":"ReadAction","target":["https:\/\/campinglepetitboiscantal.fr\/index.php\/mentions-legales\/"]}]},{"@type":"BreadcrumbList","@id":"https:\/\/campinglepetitboiscantal.fr\/index.php\/mentions-legales\/#breadcrumb","itemListElement":[{"@type":"ListItem","position":1,"name":"Accueil","item":"https:\/\/campinglepetitboiscantal.fr\/"},{"@type":"ListItem","position":2,"name":"Mentions l\u00e9gales"}]},{"@type":"WebSite","@id":"https:\/\/campinglepetitboiscantal.fr\/#website","url":"https:\/\/campinglepetitboiscantal.fr\/","name":"Le petit bois","description":"Un site utilisant WordPress","publisher":{"@id":"https:\/\/campinglepetitboiscantal.fr\/#organization"},"potentialAction":[{"@type":"SearchAction","target":{"@type":"EntryPoint","urlTemplate":"https:\/\/campinglepetitboiscantal.fr\/?s={search_term_string}"},"query-input":"required name=search_term_string"}],"inLanguage":"fr-FR"},{"@type":"Organization","@id":"https:\/\/campinglepetitboiscantal.fr\/#organization","name":"Le petit bois","url":"https:\/\/campinglepetitboiscantal.fr\/","logo":{"@type":"ImageObject","inLanguage":"fr-FR","@id":"https:\/\/campinglepetitboiscantal.fr\/#\/schema\/logo\/image\/","url":"https:\/\/campinglepetitboiscantal.fr\/wp-content\/uploads\/2023\/04\/cropped-logoruynes.png","contentUrl":"https:\/\/campinglepetitboiscantal.fr\/wp-content\/uploads\/2023\/04\/cropped-logoruynes.png","width":675,"height":330,"caption":"Le petit bois"},"image":{"@id":"https:\/\/campinglepetitboiscantal.fr\/#\/schema\/logo\/image\/"}}]}},"_links":{"self":[{"href":"https:\/\/campinglepetitboiscantal.fr\/index.php\/wp-json\/wp\/v2\/pages\/39","targetHints":{"allow":["GET"]}}],"collection":[{"href":"https:\/\/campinglepetitboiscantal.fr\/index.php\/wp-json\/wp\/v2\/pages"}],"about":[{"href":"https:\/\/campinglepetitboiscantal.fr\/index.php\/wp-json\/wp\/v2\/types\/page"}],"author":[{"embeddable":true,"href":"https:\/\/campinglepetitboiscantal.fr\/index.php\/wp-json\/wp\/v2\/users\/1"}],"replies":[{"embeddable":true,"href":"https:\/\/campinglepetitboiscantal.fr\/index.php\/wp-json\/wp\/v2\/comments?post=39"}],"version-history":[{"count":7,"href":"https:\/\/campinglepetitboiscantal.fr\/index.php\/wp-json\/wp\/v2\/pages\/39\/revisions"}],"predecessor-version":[{"id":452,"href":"https:\/\/campinglepetitboiscantal.fr\/index.php\/wp-json\/wp\/v2\/pages\/39\/revisions\/452"}],"wp:attachment":[{"href":"https:\/\/campinglepetitboiscantal.fr\/index.php\/wp-json\/wp\/v2\/media?parent=39"}],"curies":[{"name":"wp","href":"https:\/\/api.w.org\/{rel}","templated":true}]}}